{"id":6906,"date":"2026-03-22T00:58:18","date_gmt":"2026-03-21T21:28:18","guid":{"rendered":"https:\/\/sohfest.com\/?page_id=6906"},"modified":"2026-03-22T11:05:39","modified_gmt":"2026-03-22T07:35:39","slug":"sohfest-2026-workshops","status":"publish","type":"page","link":"https:\/\/sohfest.com\/tr\/sohfest-2026-workshops\/","title":{"rendered":"SoHFest 2026 &#8211; Workshops"},"content":{"rendered":"<div class=\"wpb-content-wrapper\"><div class=\"vc_row wpb_row vc_row-fluid\"><div class=\"wpb_column vc_column_container vc_col-sm-12\"><div class=\"vc_column-inner\"><div class=\"wpb_wrapper\">\r\n\t<div class=\"wpb_single_image wpb_content_element vc_align_left   figure-no-pad\">\r\n\t\t\r\n\t\t<figure class=\"wpb_wrapper vc_figure\">\r\n\t\t\t<div class=\"vc_single_image-wrapper 0   vc_box_border_grey\"><img decoding=\"async\" class=\"vc_single_image-img\" src=\"https:\/\/sohfest.com\/wp-content\/uploads\/2026\/03\/SOHFEST-Slider-Banner-Slide-1920x333.002.jpeg\" width=\"1920\" height=\"333\" alt=\"SoHFest 2026 Workshops Istanbul\" title=\"SoHFest 2026 Workshops Istanbul\" loading=\"lazy\" \/><\/div>\r\n\t\t<\/figure>\r\n\t<\/div>\r\n<\/div><\/div><\/div><\/div><div data-vc-full-width=\"true\" data-vc-full-width-init=\"false\" data-vc-stretch-content=\"true\" class=\"vc_row wpb_row vc_row-fluid\"><div class=\"wpb_column vc_column_container vc_col-sm-1\"><div class=\"vc_column-inner\"><div class=\"wpb_wrapper\"><\/div><\/div><\/div><div class=\"wpb_column vc_column_container vc_col-sm-10\"><div class=\"vc_column-inner\"><div class=\"wpb_wrapper\">\n\t<div class=\"wpb_text_column wpb_content_element text-justify\" >\n\t\t<div class=\"wpb_wrapper\">\n\t\t\t<h2>Sevgili SoH Festli<\/h2>\n<p>The Workshops are free to attend and takes place at <strong>Arter\u2019in Oditoryumu\u2019nda<\/strong>E\u011fitmenler, at\u00f6lye \u00e7al\u0131\u015fmalar\u0131 \u0130ngilizce dilinde sunmaktad\u0131r. Kat\u0131lmak i\u00e7in sadece SoH Fest sosyal medya hesaplar\u0131na [<a href=\"https:\/\/www.facebook.com\/sohfestist?mibextid=LQQJ4d\" target=\"_blank\" rel=\"noopener\">Facebook<\/a>, <a href=\"https:\/\/www.instagram.com\/sohfestist?igsh=czB0bGQxbDBqZDEz\" target=\"_blank\" rel=\"noopener\">Instagram<\/a>] do\u011frudan mesaj g\u00f6ndererek ya da abone ol butonlar\u0131na t\u0131klayarak kaydolman\u0131z gerekmektedir. <strong>Festival Kart\u0131n\u0131z\u0131 <\/strong>sahibi olanlar, herhangi bir kay\u0131t yapmadan do\u011frudan kat\u0131labilirler.<\/p>\n\n\t\t<\/div>\n\t<\/div>\n<div class=\"vc_row wpb_row vc_inner vc_row-fluid\"><div class=\"wpb_column vc_column_container vc_col-sm-9\"><div class=\"vc_column-inner\"><div class=\"wpb_wrapper\">\n\t<div class=\"wpb_text_column wpb_content_element text-justify\" >\n\t\t<div class=\"wpb_wrapper\">\n\t\t\t<p>Mesaj\u0131n\u0131z\u0131n a\u015fa\u011f\u0131dakileri i\u00e7erdi\u011finden emin olun:<br \/>\n<em>Kat\u0131lmak istedi\u011finiz sanat\u00e7\u0131n\u0131n at\u00f6lye ad\u0131<br \/>\n<\/em><em>Ad\u0131n\u0131z, ileti\u015fim numaran\u0131z ve e-posta adresiniz<\/em><\/p>\n<p><strong>Enstr\u00fcman\u0131n\u0131z\u0131 getirmekten \u00e7ekinmeyin!<\/strong><\/p>\n\n\t\t<\/div>\n\t<\/div>\n<\/div><\/div><\/div><div class=\"wpb_column vc_column_container vc_col-sm-3\"><div class=\"vc_column-inner\"><div class=\"wpb_wrapper\"><div class=\"vc_empty_space\"   style=\"height: 32px\"><span class=\"vc_empty_space_inner\"><\/span><\/div>\r\n\t<div class=\"wpb_single_image wpb_content_element vc_align_right   image-no-padding\">\r\n\t\t\r\n\t\t<figure class=\"wpb_wrapper vc_figure\">\r\n\t\t\t<a href=\"mailto:info@sohfest.com\" target=\"_self\" class=\"vc_single_image-wrapper 0   vc_box_border_grey\"><img decoding=\"async\" class=\"vc_single_image-img\" src=\"https:\/\/sohfest.com\/wp-content\/uploads\/2025\/03\/Subscribe-TR.jpg\" width=\"210\" height=\"108\" alt=\"dac6941bd49ce5661a46f6687827c6a5.pdf\" title=\"dac6941bd49ce5661a46f6687827c6a5.pdf\" loading=\"lazy\" \/><\/a>\r\n\t\t<\/figure>\r\n\t<\/div>\r\n<\/div><\/div><\/div><\/div><\/div><\/div><\/div><div class=\"wpb_column vc_column_container vc_col-sm-1\"><div class=\"vc_column-inner\"><div class=\"wpb_wrapper\"><\/div><\/div><\/div><\/div><div class=\"vc_row-full-width vc_clearfix\"><\/div><div data-vc-full-width=\"true\" data-vc-full-width-init=\"false\" data-vc-stretch-content=\"true\" class=\"vc_row wpb_row vc_row-fluid\"><div class=\"wpb_column vc_column_container vc_col-sm-2\"><div class=\"vc_column-inner\"><div class=\"wpb_wrapper\"><\/div><\/div><\/div><div class=\"wpb_column vc_column_container vc_col-sm-8\"><div class=\"vc_column-inner\"><div class=\"wpb_wrapper\">\r\n\t<div class=\"wpb_single_image wpb_content_element vc_align_center\">\r\n\t\t\r\n\t\t<figure class=\"wpb_wrapper vc_figure\">\r\n\t\t\t<div class=\"vc_single_image-wrapper 0   vc_box_border_grey\"><img loading=\"lazy\" decoding=\"async\" width=\"1080\" height=\"1160\" src=\"https:\/\/sohfest.com\/wp-content\/uploads\/2026\/03\/SOHFEST.com-2026-Workshops-Page-EN.001.jpeg\" class=\"vc_single_image-img attachment-full\" alt=\"SoHFest 2026 Day 2 Workshops Marina Roveta Ferenc Sn\u00e9tberg\" title=\"SoHFest 2026 Day 2 Workshops Marina Roveta Ferenc Sn\u00e9tberg\" srcset=\"https:\/\/sohfest.com\/wp-content\/uploads\/2026\/03\/SOHFEST.com-2026-Workshops-Page-EN.001.jpeg 1080w, https:\/\/sohfest.com\/wp-content\/uploads\/2026\/03\/SOHFEST.com-2026-Workshops-Page-EN.001-520x559.jpeg 520w, https:\/\/sohfest.com\/wp-content\/uploads\/2026\/03\/SOHFEST.com-2026-Workshops-Page-EN.001-953x1024.jpeg 953w, https:\/\/sohfest.com\/wp-content\/uploads\/2026\/03\/SOHFEST.com-2026-Workshops-Page-EN.001-768x825.jpeg 768w, https:\/\/sohfest.com\/wp-content\/uploads\/2026\/03\/SOHFEST.com-2026-Workshops-Page-EN.001-11x12.jpeg 11w, https:\/\/sohfest.com\/wp-content\/uploads\/2026\/03\/SOHFEST.com-2026-Workshops-Page-EN.001-42x45.jpeg 42w, https:\/\/sohfest.com\/wp-content\/uploads\/2026\/03\/SOHFEST.com-2026-Workshops-Page-EN.001-49x53.jpeg 49w, https:\/\/sohfest.com\/wp-content\/uploads\/2026\/03\/SOHFEST.com-2026-Workshops-Page-EN.001-59x63.jpeg 59w\" sizes=\"auto, (max-width: 1080px) 100vw, 1080px\" \/><\/div>\r\n\t\t<\/figure>\r\n\t<\/div>\r\n<\/div><\/div><\/div><div class=\"wpb_column vc_column_container vc_col-sm-2\"><div class=\"vc_column-inner\"><div class=\"wpb_wrapper\"><\/div><\/div><\/div><\/div><div class=\"vc_row-full-width vc_clearfix\"><\/div><div class=\"vc_row wpb_row vc_row-fluid\"><div class=\"wpb_column vc_column_container vc_col-sm-12\"><div class=\"vc_column-inner\"><div class=\"wpb_wrapper\"><div class=\"vc_empty_space\"   style=\"height: 25px\"><span class=\"vc_empty_space_inner\"><\/span><\/div><\/div><\/div><\/div><\/div><div data-vc-full-width=\"true\" data-vc-full-width-init=\"false\" data-vc-stretch-content=\"true\" class=\"vc_row wpb_row vc_row-fluid\"><div class=\"wpb_column vc_column_container vc_col-sm-2\"><div class=\"vc_column-inner\"><div class=\"wpb_wrapper\"><\/div><\/div><\/div><div class=\"wpb_column vc_column_container vc_col-sm-8\"><div class=\"vc_column-inner\"><div class=\"wpb_wrapper\">\r\n\t<div class=\"wpb_single_image wpb_content_element vc_align_center\">\r\n\t\t\r\n\t\t<figure class=\"wpb_wrapper vc_figure\">\r\n\t\t\t<div class=\"vc_single_image-wrapper 0   vc_box_border_grey\"><img loading=\"lazy\" decoding=\"async\" width=\"1080\" height=\"1160\" src=\"https:\/\/sohfest.com\/wp-content\/uploads\/2026\/03\/SOHFEST.com-2026-Workshops-Page-EN.004.jpeg\" class=\"vc_single_image-img attachment-full\" alt=\"SoHFest 2026 Day 3 Workshops Roberto Dani\" title=\"SoHFest 2026 Day 3 Workshops Roberto Dani\" srcset=\"https:\/\/sohfest.com\/wp-content\/uploads\/2026\/03\/SOHFEST.com-2026-Workshops-Page-EN.004.jpeg 1080w, https:\/\/sohfest.com\/wp-content\/uploads\/2026\/03\/SOHFEST.com-2026-Workshops-Page-EN.004-520x559.jpeg 520w, https:\/\/sohfest.com\/wp-content\/uploads\/2026\/03\/SOHFEST.com-2026-Workshops-Page-EN.004-953x1024.jpeg 953w, https:\/\/sohfest.com\/wp-content\/uploads\/2026\/03\/SOHFEST.com-2026-Workshops-Page-EN.004-768x825.jpeg 768w, https:\/\/sohfest.com\/wp-content\/uploads\/2026\/03\/SOHFEST.com-2026-Workshops-Page-EN.004-11x12.jpeg 11w, https:\/\/sohfest.com\/wp-content\/uploads\/2026\/03\/SOHFEST.com-2026-Workshops-Page-EN.004-42x45.jpeg 42w, https:\/\/sohfest.com\/wp-content\/uploads\/2026\/03\/SOHFEST.com-2026-Workshops-Page-EN.004-49x53.jpeg 49w, https:\/\/sohfest.com\/wp-content\/uploads\/2026\/03\/SOHFEST.com-2026-Workshops-Page-EN.004-59x63.jpeg 59w\" sizes=\"auto, (max-width: 1080px) 100vw, 1080px\" \/><\/div>\r\n\t\t<\/figure>\r\n\t<\/div>\r\n<\/div><\/div><\/div><div class=\"wpb_column vc_column_container vc_col-sm-2\"><div class=\"vc_column-inner\"><div class=\"wpb_wrapper\"><\/div><\/div><\/div><\/div><div class=\"vc_row-full-width vc_clearfix\"><\/div><div class=\"vc_row wpb_row vc_row-fluid\"><div class=\"wpb_column vc_column_container vc_col-sm-12\"><div class=\"vc_column-inner\"><div class=\"wpb_wrapper\"><div class=\"vc_empty_space\"   style=\"height: 50px\"><span class=\"vc_empty_space_inner\"><\/span><\/div><\/div><\/div><\/div><\/div><div data-vc-full-width=\"true\" data-vc-full-width-init=\"false\" data-vc-stretch-content=\"true\" class=\"vc_row wpb_row vc_row-fluid\"><div class=\"wpb_column vc_column_container vc_col-sm-2\"><div class=\"vc_column-inner\"><div class=\"wpb_wrapper\"><\/div><\/div><\/div><div class=\"wpb_column vc_column_container vc_col-sm-8\"><div class=\"vc_column-inner\"><div class=\"wpb_wrapper\">\r\n\t<div class=\"wpb_single_image wpb_content_element vc_align_center\">\r\n\t\t\r\n\t\t<figure class=\"wpb_wrapper vc_figure\">\r\n\t\t\t<div class=\"vc_single_image-wrapper 0   vc_box_border_grey\"><img loading=\"lazy\" decoding=\"async\" width=\"1080\" height=\"1160\" src=\"https:\/\/sohfest.com\/wp-content\/uploads\/2026\/03\/SOHFEST.com-2026-Workshops-Page-EN.003.jpeg\" class=\"vc_single_image-img attachment-full\" alt=\"SoHFest 2026 Workshops Joost Lijbart Tayis Y\u0131ld\u0131zc\u0131\" title=\"SoHFest 2026 Workshops Joost Lijbart Tayis Y\u0131ld\u0131zc\u0131\" srcset=\"https:\/\/sohfest.com\/wp-content\/uploads\/2026\/03\/SOHFEST.com-2026-Workshops-Page-EN.003.jpeg 1080w, https:\/\/sohfest.com\/wp-content\/uploads\/2026\/03\/SOHFEST.com-2026-Workshops-Page-EN.003-520x559.jpeg 520w, https:\/\/sohfest.com\/wp-content\/uploads\/2026\/03\/SOHFEST.com-2026-Workshops-Page-EN.003-953x1024.jpeg 953w, https:\/\/sohfest.com\/wp-content\/uploads\/2026\/03\/SOHFEST.com-2026-Workshops-Page-EN.003-768x825.jpeg 768w, https:\/\/sohfest.com\/wp-content\/uploads\/2026\/03\/SOHFEST.com-2026-Workshops-Page-EN.003-11x12.jpeg 11w, https:\/\/sohfest.com\/wp-content\/uploads\/2026\/03\/SOHFEST.com-2026-Workshops-Page-EN.003-42x45.jpeg 42w, https:\/\/sohfest.com\/wp-content\/uploads\/2026\/03\/SOHFEST.com-2026-Workshops-Page-EN.003-49x53.jpeg 49w, https:\/\/sohfest.com\/wp-content\/uploads\/2026\/03\/SOHFEST.com-2026-Workshops-Page-EN.003-59x63.jpeg 59w\" sizes=\"auto, (max-width: 1080px) 100vw, 1080px\" \/><\/div>\r\n\t\t<\/figure>\r\n\t<\/div>\r\n<\/div><\/div><\/div><div class=\"wpb_column vc_column_container vc_col-sm-2\"><div class=\"vc_column-inner\"><div class=\"wpb_wrapper\"><\/div><\/div><\/div><\/div><div class=\"vc_row-full-width vc_clearfix\"><\/div><div class=\"vc_row wpb_row vc_row-fluid\"><div class=\"wpb_column vc_column_container vc_col-sm-12\"><div class=\"vc_column-inner\"><div class=\"wpb_wrapper\"><div class=\"vc_empty_space\"   style=\"height: 50px\"><span class=\"vc_empty_space_inner\"><\/span><\/div><\/div><\/div><\/div><\/div>\n<\/div>","protected":false},"excerpt":{"rendered":"Dear SoH Festian The Workshops are free to attend and takes place at Arter\u2019s Auditorium. Lecturers run the workshops in English language. You just need to subscribe by sending a direct message to SoH Fest social media accounts [Facebook, Instagram] or by pressing the subscribe buttons. Festival Pass holders can just show up without subscription. Please make sure that your message includes: Name of the artist(s) whose workshop you wish to attend Your full name, Contact number and Email address [...]","protected":false},"author":1,"featured_media":0,"parent":0,"menu_order":0,"comment_status":"closed","ping_status":"closed","template":"","meta":{"footnotes":""},"class_list":["post-6906","page","type-page","status-publish","hentry"],"_links":{"self":[{"href":"https:\/\/sohfest.com\/tr\/wp-json\/wp\/v2\/pages\/6906","targetHints":{"allow":["GET"]}}],"collection":[{"href":"https:\/\/sohfest.com\/tr\/wp-json\/wp\/v2\/pages"}],"about":[{"href":"https:\/\/sohfest.com\/tr\/wp-json\/wp\/v2\/types\/page"}],"author":[{"embeddable":true,"href":"https:\/\/sohfest.com\/tr\/wp-json\/wp\/v2\/users\/1"}],"replies":[{"embeddable":true,"href":"https:\/\/sohfest.com\/tr\/wp-json\/wp\/v2\/comments?post=6906"}],"version-history":[{"count":8,"href":"https:\/\/sohfest.com\/tr\/wp-json\/wp\/v2\/pages\/6906\/revisions"}],"predecessor-version":[{"id":6928,"href":"https:\/\/sohfest.com\/tr\/wp-json\/wp\/v2\/pages\/6906\/revisions\/6928"}],"wp:attachment":[{"href":"https:\/\/sohfest.com\/tr\/wp-json\/wp\/v2\/media?parent=6906"}],"curies":[{"name":"wp","href":"https:\/\/api.w.org\/{rel}","templated":true}]}}