{"id":4959,"date":"2023-08-08T19:43:28","date_gmt":"2023-08-08T16:13:28","guid":{"rendered":"https:\/\/sohfest.com\/?page_id=4959"},"modified":"2026-03-22T21:16:36","modified_gmt":"2026-03-22T17:46:36","slug":"sohfest-volunteer-staff-application","status":"publish","type":"page","link":"https:\/\/sohfest.com\/tr\/sohfest-volunteer-staff-application\/","title":{"rendered":"SoHFest G\u00f6n\u00fcll\u00fcs\u00fc Ol"},"content":{"rendered":"<div class=\"wpb-content-wrapper\"><div class=\"vc_row wpb_row vc_row-fluid\"><div class=\"wpb_column vc_column_container vc_col-sm-12\"><div class=\"vc_column-inner\"><div class=\"wpb_wrapper\">\r\n\t<div class=\"wpb_single_image wpb_content_element vc_align_center\">\r\n\t\t\r\n\t\t<figure class=\"wpb_wrapper vc_figure\">\r\n\t\t\t<div class=\"vc_single_image-wrapper 0   vc_box_border_grey\"><img loading=\"lazy\" decoding=\"async\" width=\"1920\" height=\"333\" src=\"https:\/\/sohfest.com\/wp-content\/uploads\/2025\/02\/SOHFEST-Slider-Banner-Slide-1920x333.003.png\" class=\"vc_single_image-img attachment-full\" alt=\"Join the SOHFest team and experience Istanbul\u2019s premier music festival.\" title=\"SOHFEST-Slider-Banner Slide-1920x333.003\" srcset=\"https:\/\/sohfest.com\/wp-content\/uploads\/2025\/02\/SOHFEST-Slider-Banner-Slide-1920x333.003.png 1920w, https:\/\/sohfest.com\/wp-content\/uploads\/2025\/02\/SOHFEST-Slider-Banner-Slide-1920x333.003-559x97.png 559w, https:\/\/sohfest.com\/wp-content\/uploads\/2025\/02\/SOHFEST-Slider-Banner-Slide-1920x333.003-1024x178.png 1024w, https:\/\/sohfest.com\/wp-content\/uploads\/2025\/02\/SOHFEST-Slider-Banner-Slide-1920x333.003-768x133.png 768w, https:\/\/sohfest.com\/wp-content\/uploads\/2025\/02\/SOHFEST-Slider-Banner-Slide-1920x333.003-1536x266.png 1536w\" sizes=\"auto, (max-width: 1920px) 100vw, 1920px\" \/><\/div>\r\n\t\t<\/figure>\r\n\t<\/div>\r\n<\/div><\/div><\/div><\/div><div data-vc-full-width=\"true\" data-vc-full-width-init=\"false\" class=\"vc_row wpb_row vc_row-fluid vc_column-gap-25\"><div class=\"wpb_column vc_column_container vc_col-sm-2\"><div class=\"vc_column-inner\"><div class=\"wpb_wrapper\"><\/div><\/div><\/div><div class=\"wpb_column vc_column_container vc_col-sm-8\"><div class=\"vc_column-inner\"><div class=\"wpb_wrapper\">\n\t<div class=\"wpb_text_column wpb_content_element text-justify\" >\n\t\t<div class=\"wpb_wrapper\">\n\t\t\t<h2><strong>SoH FeStaff Ekibine Kat\u0131l\u0131n<\/strong><\/h2>\n<p class=\"p1\">Festivale katk\u0131 sa\u011flaman\u0131n yan\u0131 s\u0131ra, ekibin bir par\u00e7as\u0131 olarak a\u015fa\u011f\u0131daki ayr\u0131cal\u0131klardan faydalan\u0131rs\u0131n\u0131z:<\/p>\n<p class=\"p1\">1. Festival s\u00fcresince t\u00fcm salonlarda ger\u00e7ekle\u015fecek Konserler, At\u00f6lyeler, Film G\u00f6sterimleri ve Panel Tart\u0131\u015fmalar\u0131na giri\u015f hakk\u0131 sa\u011flayan bir yaka kart\u0131.<br \/>\n2. G\u00fcnl\u00fck harc\u0131rah\u0131n yan\u0131 s\u0131ra, festival alan\u0131ndaki yiyecek ve i\u00e7eceklerde indirim sa\u011flayan kuponlar.<br \/>\n3. Festival \u00dcr\u00fcnleri Sat\u0131\u015f Noktas\u0131\u2019nda Personel \u0130ndirimi.<br \/>\n4. Y\u00fcksek be\u011feni kazanm\u0131\u015f sanat\u00e7\u0131larla heyecan verici kar\u015f\u0131la\u015fmalar i\u00e7eren, benzersiz bir topluluk temelli festivalde kapsay\u0131c\u0131 ve \u00f6zel bir deneyim.<\/p>\n<p class=\"p1\">\u2026ve Festival s\u0131ras\u0131nda sizinle payla\u015faca\u011f\u0131m\u0131z daha bir\u00e7ok s\u00fcrpriz!<\/p>\n<h2>G\u00f6revler:<\/h2>\n<p class=\"p1\">Festival alan\u0131 boyunca ziyaret\u00e7ileri kar\u015f\u0131lamak ve bilgilendirmek, kat\u0131l\u0131mc\u0131lar\u0131n sorular\u0131n\u0131 yan\u0131tlamak.\nSeyircilerin yerlerini bulmalar\u0131na yard\u0131mc\u0131 olmak.\nKonserlerin, At\u00f6lyelerin, Panel Tart\u0131\u015fmalar\u0131n\u0131n ve Film G\u00f6sterimlerinin salonlarda ve \u00e7evresinde sorunsuz bir \u015fekilde ilerlemesini sa\u011flamak.<\/p>\n<h2>\u015eartlar:<\/h2>\n<p class=\"p1\">1. Ekip \u00fcyelerinin 22 ya\u015f\u0131ndan b\u00fcy\u00fck olmas\u0131 gerekir.<br \/>\n2. T\u00fcrk\u00e7e ve \u0130ngilizce ileti\u015fim kurabilmelidir.<br \/>\n3. Sosyalle\u015fmeyi seven, misafirperver, dakik, diplomatik, sorumluluk sahibi, g\u00f6zlem yetene\u011fi geli\u015fmi\u015f, ekip ruhuna sahip ve pozitif biri olmal\u0131d\u0131r.<br \/>\n4. Festivalin, sanat\u00e7\u0131lar\u0131n\u0131n ve ge\u00e7mi\u015finin iyi bilinmesi beklenir.<\/p>\n<p>\u00d6zge\u00e7mi\u015finizi g\u00f6ndermek i\u00e7in t\u0131klay\u0131n: <a href=\"mailto:info@sohfest.com\">buraya<\/a>.\u00a0\u00a0<span class=\"Apple-converted-space\">\u00a0<\/span><\/p>\n\n\t\t<\/div>\n\t<\/div>\n<div class=\"vc_empty_space\"   style=\"height: 32px\"><span class=\"vc_empty_space_inner\"><\/span><\/div><\/div><\/div><\/div><div class=\"wpb_column vc_column_container vc_col-sm-2\"><div class=\"vc_column-inner\"><div class=\"wpb_wrapper\"><\/div><\/div><\/div><\/div><div class=\"vc_row-full-width vc_clearfix\"><\/div><div class=\"vc_row wpb_row vc_row-fluid\"><div class=\"wpb_column vc_column_container vc_col-sm-12\"><div class=\"vc_column-inner\"><div class=\"wpb_wrapper\"><div class=\"vc_empty_space\"   style=\"height: 20px\"><span class=\"vc_empty_space_inner\"><\/span><\/div><\/div><\/div><\/div><\/div>\n<\/div>","protected":false},"excerpt":{"rendered":"Become a SoH FeStaff In addition to contributing to the success of the Festival, as Staff you benefit from: 1. A badge that gives you access to all the Concerts, Workshops, Film Screenings and Panel Discussions in all the halls during the Festival. 2. A per diem plus tokens for food and drink discount at the venue. 3. Staff Discount for the Festival Merchandise Shop. 4. An immersive and exclusive experience in a unique community based festival with exciting encounters [...]","protected":false},"author":1,"featured_media":0,"parent":0,"menu_order":0,"comment_status":"closed","ping_status":"closed","template":"","meta":{"footnotes":""},"class_list":["post-4959","page","type-page","status-publish","hentry"],"_links":{"self":[{"href":"https:\/\/sohfest.com\/tr\/wp-json\/wp\/v2\/pages\/4959","targetHints":{"allow":["GET"]}}],"collection":[{"href":"https:\/\/sohfest.com\/tr\/wp-json\/wp\/v2\/pages"}],"about":[{"href":"https:\/\/sohfest.com\/tr\/wp-json\/wp\/v2\/types\/page"}],"author":[{"embeddable":true,"href":"https:\/\/sohfest.com\/tr\/wp-json\/wp\/v2\/users\/1"}],"replies":[{"embeddable":true,"href":"https:\/\/sohfest.com\/tr\/wp-json\/wp\/v2\/comments?post=4959"}],"version-history":[{"count":21,"href":"https:\/\/sohfest.com\/tr\/wp-json\/wp\/v2\/pages\/4959\/revisions"}],"predecessor-version":[{"id":6255,"href":"https:\/\/sohfest.com\/tr\/wp-json\/wp\/v2\/pages\/4959\/revisions\/6255"}],"wp:attachment":[{"href":"https:\/\/sohfest.com\/tr\/wp-json\/wp\/v2\/media?parent=4959"}],"curies":[{"name":"wp","href":"https:\/\/api.w.org\/{rel}","templated":true}]}}