{"id":3761,"date":"2023-02-03T22:38:30","date_gmt":"2023-02-03T19:08:30","guid":{"rendered":"https:\/\/sohfest.com\/?page_id=3761"},"modified":"2025-03-25T01:39:37","modified_gmt":"2025-03-24T22:09:37","slug":"sohfest-2023-workshops","status":"publish","type":"page","link":"https:\/\/sohfest.com\/tr\/sohfest-2023-workshops\/","title":{"rendered":"SoHFest 2023 \u2013 At\u00f6lye \u00c7al\u0131\u015fmalar\u0131"},"content":{"rendered":"<div class=\"wpb-content-wrapper\"><div data-vc-full-width=\"true\" data-vc-full-width-init=\"false\" data-vc-stretch-content=\"true\" class=\"vc_row wpb_row vc_row-fluid\"><div class=\"wpb_column vc_column_container vc_col-sm-1\"><div class=\"vc_column-inner\"><div class=\"wpb_wrapper\"><\/div><\/div><\/div><div class=\"wpb_column vc_column_container vc_col-sm-10\"><div class=\"vc_column-inner\"><div class=\"wpb_wrapper\">\n\t<div class=\"wpb_text_column wpb_content_element text-justify\" >\n\t\t<div class=\"wpb_wrapper\">\n\t\t\t<h2>Sevgili SoH Festli<\/h2>\n<p>2023 At\u00f6lyeleri \u00fccretsizdi ve Arter\u2019in Oditoryumu\u2019nda ger\u00e7ekle\u015fti. T\u00fcm oturumlar sanat\u00e7\u0131lar taraf\u0131ndan \u0130ngilizce olarak y\u00fcr\u00fct\u00fcld\u00fc. Festival Kart\u0131 sahipleri \u00f6nceden kay\u0131t yapt\u0131rmadan kat\u0131labildi ve kat\u0131l\u0131mc\u0131lar enstr\u00fcmanlar\u0131n\u0131 getirmek konusunda te\u015fvik edildi.<\/p>\n\n\t\t<\/div>\n\t<\/div>\n<div class=\"vc_row wpb_row vc_inner vc_row-fluid\"><div class=\"wpb_column vc_column_container vc_col-sm-3\"><div class=\"vc_column-inner vc_custom_1675943182199\"><div class=\"wpb_wrapper\"><\/div><\/div><\/div><\/div><div class=\"vc_empty_space\"   style=\"height: 50px\"><span class=\"vc_empty_space_inner\"><\/span><\/div><\/div><\/div><\/div><div class=\"wpb_column vc_column_container vc_col-sm-1\"><div class=\"vc_column-inner\"><div class=\"wpb_wrapper\"><\/div><\/div><\/div><\/div><div class=\"vc_row-full-width vc_clearfix\"><\/div><div data-vc-full-width=\"true\" data-vc-full-width-init=\"false\" data-vc-stretch-content=\"true\" class=\"vc_row wpb_row vc_row-fluid\"><div class=\"wpb_column vc_column_container vc_col-sm-1\"><div class=\"vc_column-inner\"><div class=\"wpb_wrapper\"><\/div><\/div><\/div><div class=\"wpb_column vc_column_container vc_col-sm-5\"><div class=\"vc_column-inner\"><div class=\"wpb_wrapper\">\r\n\t<div class=\"wpb_single_image wpb_content_element vc_align_center\">\r\n\t\t\r\n\t\t<figure class=\"wpb_wrapper vc_figure\">\r\n\t\t\t<div class=\"vc_single_image-wrapper 0   vc_box_border_grey\"><img loading=\"lazy\" decoding=\"async\" width=\"1200\" height=\"117\" src=\"https:\/\/sohfest.com\/wp-content\/uploads\/2023\/02\/workshop-day1.jpg\" class=\"vc_single_image-img attachment-full\" alt=\"\" title=\"workshop-day1\" srcset=\"https:\/\/sohfest.com\/wp-content\/uploads\/2023\/02\/workshop-day1.jpg 1200w, https:\/\/sohfest.com\/wp-content\/uploads\/2023\/02\/workshop-day1-559x55.jpg 559w, https:\/\/sohfest.com\/wp-content\/uploads\/2023\/02\/workshop-day1-1024x100.jpg 1024w, https:\/\/sohfest.com\/wp-content\/uploads\/2023\/02\/workshop-day1-768x75.jpg 768w\" sizes=\"auto, (max-width: 1200px) 100vw, 1200px\" \/><\/div>\r\n\t\t<\/figure>\r\n\t<\/div>\r\n<div class=\"vc_row wpb_row vc_inner vc_row-fluid\"><div class=\"wpb_column vc_column_container vc_col-sm-6\"><div class=\"vc_column-inner\"><div class=\"wpb_wrapper\">\r\n\t<div class=\"wpb_single_image wpb_content_element vc_align_center   image-no-padding\">\r\n\t\t\r\n\t\t<figure class=\"wpb_wrapper vc_figure\">\r\n\t\t\t<div class=\"vc_single_image-wrapper 0   vc_box_border_grey\"><img decoding=\"async\" class=\"vc_single_image-img\" src=\"https:\/\/sohfest.com\/wp-content\/uploads\/2023\/02\/time-day1-150x35.jpg\" width=\"150\" height=\"35\" alt=\"time-day1\" title=\"time-day1\" loading=\"lazy\" \/><\/div>\r\n\t\t<\/figure>\r\n\t<\/div>\r\n\r\n\t<div class=\"wpb_single_image wpb_content_element vc_align_center\">\r\n\t\t\r\n\t\t<figure class=\"wpb_wrapper vc_figure\">\r\n\t\t\t<div class=\"vc_single_image-wrapper 0   vc_box_border_grey\"><img loading=\"lazy\" decoding=\"async\" width=\"600\" height=\"937\" src=\"https:\/\/sohfest.com\/wp-content\/uploads\/2023\/02\/workshop-mazyar-younesi.jpg\" class=\"vc_single_image-img attachment-full\" alt=\"\" title=\"workshop-mazyar-younesi\" srcset=\"https:\/\/sohfest.com\/wp-content\/uploads\/2023\/02\/workshop-mazyar-younesi.jpg 600w, https:\/\/sohfest.com\/wp-content\/uploads\/2023\/02\/workshop-mazyar-younesi-358x559.jpg 358w\" sizes=\"auto, (max-width: 600px) 100vw, 600px\" \/><\/div>\r\n\t\t<\/figure>\r\n\t<\/div>\r\n\r\n\t<div class=\"wpb_single_image wpb_content_element vc_align_center  vc_custom_1686418220510  image-no-padding no-display\">\r\n\t\t\r\n\t\t<figure class=\"wpb_wrapper vc_figure\">\r\n\t\t\t<a href=\"mailto:info@sohfest.com\" target=\"_self\" class=\"vc_single_image-wrapper 0   vc_box_border_grey\"><img loading=\"lazy\" decoding=\"async\" width=\"105\" height=\"54\" src=\"https:\/\/sohfest.com\/wp-content\/uploads\/2023\/02\/b-subscribe.jpg\" class=\"vc_single_image-img attachment-full\" alt=\"\" title=\"b-subscribe\" \/><\/a>\r\n\t\t<\/figure>\r\n\t<\/div>\r\n<\/div><\/div><\/div><div class=\"wpb_column vc_column_container vc_col-sm-6\"><div class=\"vc_column-inner\"><div class=\"wpb_wrapper\">\r\n\t<div class=\"wpb_single_image wpb_content_element vc_align_center   image-no-padding\">\r\n\t\t\r\n\t\t<figure class=\"wpb_wrapper vc_figure\">\r\n\t\t\t<div class=\"vc_single_image-wrapper 0   vc_box_border_grey\"><img decoding=\"async\" class=\"vc_single_image-img\" src=\"https:\/\/sohfest.com\/wp-content\/uploads\/2023\/02\/time-day1-2-150x35.jpg\" width=\"150\" height=\"35\" alt=\"time-day1-2\" title=\"time-day1-2\" loading=\"lazy\" \/><\/div>\r\n\t\t<\/figure>\r\n\t<\/div>\r\n\r\n\t<div class=\"wpb_single_image wpb_content_element vc_align_center\">\r\n\t\t\r\n\t\t<figure class=\"wpb_wrapper vc_figure\">\r\n\t\t\t<div class=\"vc_single_image-wrapper 0   vc_box_border_grey\"><img loading=\"lazy\" decoding=\"async\" width=\"600\" height=\"937\" src=\"https:\/\/sohfest.com\/wp-content\/uploads\/2023\/02\/workshop-tamer-temel.jpg\" class=\"vc_single_image-img attachment-full\" alt=\"\" title=\"workshop-tamer-temel\" srcset=\"https:\/\/sohfest.com\/wp-content\/uploads\/2023\/02\/workshop-tamer-temel.jpg 600w, https:\/\/sohfest.com\/wp-content\/uploads\/2023\/02\/workshop-tamer-temel-358x559.jpg 358w\" sizes=\"auto, (max-width: 600px) 100vw, 600px\" \/><\/div>\r\n\t\t<\/figure>\r\n\t<\/div>\r\n\r\n\t<div class=\"wpb_single_image wpb_content_element vc_align_center  vc_custom_1686418212519  image-no-padding no-display\">\r\n\t\t\r\n\t\t<figure class=\"wpb_wrapper vc_figure\">\r\n\t\t\t<a href=\"mailto:info@sohfest.com\" target=\"_self\" class=\"vc_single_image-wrapper 0   vc_box_border_grey\"><img loading=\"lazy\" decoding=\"async\" width=\"105\" height=\"54\" src=\"https:\/\/sohfest.com\/wp-content\/uploads\/2023\/02\/b-subscribe.jpg\" class=\"vc_single_image-img attachment-full\" alt=\"\" title=\"b-subscribe\" \/><\/a>\r\n\t\t<\/figure>\r\n\t<\/div>\r\n<\/div><\/div><\/div><\/div><\/div><\/div><\/div><div class=\"wpb_column vc_column_container vc_col-sm-5\"><div class=\"vc_column-inner\"><div class=\"wpb_wrapper\">\r\n\t<div class=\"wpb_single_image wpb_content_element vc_align_center\">\r\n\t\t\r\n\t\t<figure class=\"wpb_wrapper vc_figure\">\r\n\t\t\t<div class=\"vc_single_image-wrapper 0   vc_box_border_grey\"><img loading=\"lazy\" decoding=\"async\" width=\"1200\" height=\"117\" src=\"https:\/\/sohfest.com\/wp-content\/uploads\/2023\/02\/workshop-day2.jpg\" class=\"vc_single_image-img attachment-full\" alt=\"\" title=\"workshop-day2\" srcset=\"https:\/\/sohfest.com\/wp-content\/uploads\/2023\/02\/workshop-day2.jpg 1200w, https:\/\/sohfest.com\/wp-content\/uploads\/2023\/02\/workshop-day2-559x55.jpg 559w, https:\/\/sohfest.com\/wp-content\/uploads\/2023\/02\/workshop-day2-1024x100.jpg 1024w, https:\/\/sohfest.com\/wp-content\/uploads\/2023\/02\/workshop-day2-768x75.jpg 768w\" sizes=\"auto, (max-width: 1200px) 100vw, 1200px\" \/><\/div>\r\n\t\t<\/figure>\r\n\t<\/div>\r\n<div class=\"vc_row wpb_row vc_inner vc_row-fluid\"><div class=\"wpb_column vc_column_container vc_col-sm-6\"><div class=\"vc_column-inner\"><div class=\"wpb_wrapper\">\r\n\t<div class=\"wpb_single_image wpb_content_element vc_align_center   image-no-padding\">\r\n\t\t\r\n\t\t<figure class=\"wpb_wrapper vc_figure\">\r\n\t\t\t<div class=\"vc_single_image-wrapper 0   vc_box_border_grey\"><img decoding=\"async\" class=\"vc_single_image-img\" src=\"https:\/\/sohfest.com\/wp-content\/uploads\/2023\/02\/time-day2-150x35.jpg\" width=\"150\" height=\"35\" alt=\"time-day2\" title=\"time-day2\" loading=\"lazy\" \/><\/div>\r\n\t\t<\/figure>\r\n\t<\/div>\r\n\r\n\t<div class=\"wpb_single_image wpb_content_element vc_align_center\">\r\n\t\t\r\n\t\t<figure class=\"wpb_wrapper vc_figure\">\r\n\t\t\t<div class=\"vc_single_image-wrapper 0   vc_box_border_grey\"><img loading=\"lazy\" decoding=\"async\" width=\"600\" height=\"937\" src=\"https:\/\/sohfest.com\/wp-content\/uploads\/2023\/02\/workshop-anja-lechner.jpg\" class=\"vc_single_image-img attachment-full\" alt=\"\" title=\"workshop-anja-lechner\" srcset=\"https:\/\/sohfest.com\/wp-content\/uploads\/2023\/02\/workshop-anja-lechner.jpg 600w, https:\/\/sohfest.com\/wp-content\/uploads\/2023\/02\/workshop-anja-lechner-358x559.jpg 358w\" sizes=\"auto, (max-width: 600px) 100vw, 600px\" \/><\/div>\r\n\t\t<\/figure>\r\n\t<\/div>\r\n\r\n\t<div class=\"wpb_single_image wpb_content_element vc_align_center  vc_custom_1686418204007  image-no-padding no-display\">\r\n\t\t\r\n\t\t<figure class=\"wpb_wrapper vc_figure\">\r\n\t\t\t<a href=\"mailto:info@sohfest.com\" target=\"_self\" class=\"vc_single_image-wrapper 0   vc_box_border_grey\"><img loading=\"lazy\" decoding=\"async\" width=\"105\" height=\"54\" src=\"https:\/\/sohfest.com\/wp-content\/uploads\/2023\/02\/b-subscribe.jpg\" class=\"vc_single_image-img attachment-full\" alt=\"\" title=\"b-subscribe\" \/><\/a>\r\n\t\t<\/figure>\r\n\t<\/div>\r\n<\/div><\/div><\/div><div class=\"wpb_column vc_column_container vc_col-sm-6\"><div class=\"vc_column-inner\"><div class=\"wpb_wrapper\">\r\n\t<div class=\"wpb_single_image wpb_content_element vc_align_center   image-no-padding\">\r\n\t\t\r\n\t\t<figure class=\"wpb_wrapper vc_figure\">\r\n\t\t\t<div class=\"vc_single_image-wrapper 0   vc_box_border_grey\"><img decoding=\"async\" class=\"vc_single_image-img\" src=\"https:\/\/sohfest.com\/wp-content\/uploads\/2023\/02\/time-day2-2-150x35.jpg\" width=\"150\" height=\"35\" alt=\"time-day2-2\" title=\"time-day2-2\" loading=\"lazy\" \/><\/div>\r\n\t\t<\/figure>\r\n\t<\/div>\r\n\r\n\t<div class=\"wpb_single_image wpb_content_element vc_align_center\">\r\n\t\t\r\n\t\t<figure class=\"wpb_wrapper vc_figure\">\r\n\t\t\t<div class=\"vc_single_image-wrapper 0   vc_box_border_grey\"><img loading=\"lazy\" decoding=\"async\" width=\"600\" height=\"937\" src=\"https:\/\/sohfest.com\/wp-content\/uploads\/2023\/02\/nik-bartsch-1.jpg\" class=\"vc_single_image-img attachment-full\" alt=\"\" title=\"nik-bartsch\" srcset=\"https:\/\/sohfest.com\/wp-content\/uploads\/2023\/02\/nik-bartsch-1.jpg 600w, https:\/\/sohfest.com\/wp-content\/uploads\/2023\/02\/nik-bartsch-1-358x559.jpg 358w\" sizes=\"auto, (max-width: 600px) 100vw, 600px\" \/><\/div>\r\n\t\t<\/figure>\r\n\t<\/div>\r\n\r\n\t<div class=\"wpb_single_image wpb_content_element vc_align_center  vc_custom_1686418193960  image-no-padding no-display\">\r\n\t\t\r\n\t\t<figure class=\"wpb_wrapper vc_figure\">\r\n\t\t\t<a href=\"mailto:info@sohfest.com\" target=\"_self\" class=\"vc_single_image-wrapper 0   vc_box_border_grey\"><img loading=\"lazy\" decoding=\"async\" width=\"105\" height=\"54\" src=\"https:\/\/sohfest.com\/wp-content\/uploads\/2023\/02\/b-subscribe.jpg\" class=\"vc_single_image-img attachment-full\" alt=\"\" title=\"b-subscribe\" \/><\/a>\r\n\t\t<\/figure>\r\n\t<\/div>\r\n<\/div><\/div><\/div><\/div><\/div><\/div><\/div><div class=\"wpb_column vc_column_container vc_col-sm-1\"><div class=\"vc_column-inner\"><div class=\"wpb_wrapper\"><\/div><\/div><\/div><\/div><div class=\"vc_row-full-width vc_clearfix\"><\/div><div class=\"vc_row wpb_row vc_row-fluid\"><div class=\"wpb_column vc_column_container vc_col-sm-12\"><div class=\"vc_column-inner\"><div class=\"wpb_wrapper\"><div class=\"vc_empty_space\"   style=\"height: 50px\"><span class=\"vc_empty_space_inner\"><\/span><\/div><\/div><\/div><\/div><\/div><div data-vc-full-width=\"true\" data-vc-full-width-init=\"false\" data-vc-stretch-content=\"true\" class=\"vc_row wpb_row vc_row-fluid\"><div class=\"wpb_column vc_column_container vc_col-sm-1\"><div class=\"vc_column-inner\"><div class=\"wpb_wrapper\"><\/div><\/div><\/div><div class=\"wpb_column vc_column_container vc_col-sm-5\"><div class=\"vc_column-inner\"><div class=\"wpb_wrapper\">\r\n\t<div class=\"wpb_single_image wpb_content_element vc_align_center\">\r\n\t\t\r\n\t\t<figure class=\"wpb_wrapper vc_figure\">\r\n\t\t\t<div class=\"vc_single_image-wrapper 0   vc_box_border_grey\"><img loading=\"lazy\" decoding=\"async\" width=\"1200\" height=\"117\" src=\"https:\/\/sohfest.com\/wp-content\/uploads\/2023\/02\/workshop-day3.jpg\" class=\"vc_single_image-img attachment-full\" alt=\"\" title=\"workshop-day3\" srcset=\"https:\/\/sohfest.com\/wp-content\/uploads\/2023\/02\/workshop-day3.jpg 1200w, https:\/\/sohfest.com\/wp-content\/uploads\/2023\/02\/workshop-day3-559x55.jpg 559w, https:\/\/sohfest.com\/wp-content\/uploads\/2023\/02\/workshop-day3-1024x100.jpg 1024w, https:\/\/sohfest.com\/wp-content\/uploads\/2023\/02\/workshop-day3-768x75.jpg 768w\" sizes=\"auto, (max-width: 1200px) 100vw, 1200px\" \/><\/div>\r\n\t\t<\/figure>\r\n\t<\/div>\r\n<div class=\"vc_row wpb_row vc_inner vc_row-fluid\"><div class=\"wpb_column vc_column_container vc_col-sm-6\"><div class=\"vc_column-inner\"><div class=\"wpb_wrapper\">\r\n\t<div class=\"wpb_single_image wpb_content_element vc_align_center   image-no-padding\">\r\n\t\t\r\n\t\t<figure class=\"wpb_wrapper vc_figure\">\r\n\t\t\t<div class=\"vc_single_image-wrapper 0   vc_box_border_grey\"><img decoding=\"async\" class=\"vc_single_image-img\" src=\"https:\/\/sohfest.com\/wp-content\/uploads\/2023\/02\/time-day3-150x35.jpg\" width=\"150\" height=\"35\" alt=\"time-day3\" title=\"time-day3\" loading=\"lazy\" \/><\/div>\r\n\t\t<\/figure>\r\n\t<\/div>\r\n\r\n\t<div class=\"wpb_single_image wpb_content_element vc_align_center\">\r\n\t\t\r\n\t\t<figure class=\"wpb_wrapper vc_figure\">\r\n\t\t\t<div class=\"vc_single_image-wrapper 0   vc_box_border_grey\"><img loading=\"lazy\" decoding=\"async\" width=\"600\" height=\"937\" src=\"https:\/\/sohfest.com\/wp-content\/uploads\/2023\/02\/workshop-klaus-gesing.jpg\" class=\"vc_single_image-img attachment-full\" alt=\"\" title=\"workshop-klaus-gesing\" srcset=\"https:\/\/sohfest.com\/wp-content\/uploads\/2023\/02\/workshop-klaus-gesing.jpg 600w, https:\/\/sohfest.com\/wp-content\/uploads\/2023\/02\/workshop-klaus-gesing-358x559.jpg 358w\" sizes=\"auto, (max-width: 600px) 100vw, 600px\" \/><\/div>\r\n\t\t<\/figure>\r\n\t<\/div>\r\n\r\n\t<div class=\"wpb_single_image wpb_content_element vc_align_center  vc_custom_1686418270868  image-no-padding no-display\">\r\n\t\t\r\n\t\t<figure class=\"wpb_wrapper vc_figure\">\r\n\t\t\t<a href=\"mailto:info@sohfest.com\" target=\"_self\" class=\"vc_single_image-wrapper 0   vc_box_border_grey\"><img loading=\"lazy\" decoding=\"async\" width=\"105\" height=\"54\" src=\"https:\/\/sohfest.com\/wp-content\/uploads\/2023\/02\/b-subscribe.jpg\" class=\"vc_single_image-img attachment-full\" alt=\"\" title=\"b-subscribe\" \/><\/a>\r\n\t\t<\/figure>\r\n\t<\/div>\r\n<\/div><\/div><\/div><div class=\"wpb_column vc_column_container vc_col-sm-6\"><div class=\"vc_column-inner\"><div class=\"wpb_wrapper\">\r\n\t<div class=\"wpb_single_image wpb_content_element vc_align_center   image-no-padding\">\r\n\t\t\r\n\t\t<figure class=\"wpb_wrapper vc_figure\">\r\n\t\t\t<div class=\"vc_single_image-wrapper 0   vc_box_border_grey\"><img decoding=\"async\" class=\"vc_single_image-img\" src=\"https:\/\/sohfest.com\/wp-content\/uploads\/2023\/02\/time-day3-2-150x35.jpg\" width=\"150\" height=\"35\" alt=\"time-day3-2\" title=\"time-day3-2\" loading=\"lazy\" \/><\/div>\r\n\t\t<\/figure>\r\n\t<\/div>\r\n\r\n\t<div class=\"wpb_single_image wpb_content_element vc_align_center\">\r\n\t\t\r\n\t\t<figure class=\"wpb_wrapper vc_figure\">\r\n\t\t\t<div class=\"vc_single_image-wrapper 0   vc_box_border_grey\"><img loading=\"lazy\" decoding=\"async\" width=\"600\" height=\"937\" src=\"https:\/\/sohfest.com\/wp-content\/uploads\/2023\/02\/workshop-wolfert-brederode.jpg\" class=\"vc_single_image-img attachment-full\" alt=\"\" title=\"workshop-wolfert-brederode\" srcset=\"https:\/\/sohfest.com\/wp-content\/uploads\/2023\/02\/workshop-wolfert-brederode.jpg 600w, https:\/\/sohfest.com\/wp-content\/uploads\/2023\/02\/workshop-wolfert-brederode-358x559.jpg 358w\" sizes=\"auto, (max-width: 600px) 100vw, 600px\" \/><\/div>\r\n\t\t<\/figure>\r\n\t<\/div>\r\n\r\n\t<div class=\"wpb_single_image wpb_content_element vc_align_center  vc_custom_1686418260794  image-no-padding no-display\">\r\n\t\t\r\n\t\t<figure class=\"wpb_wrapper vc_figure\">\r\n\t\t\t<a href=\"mailto:info@sohfest.com\" target=\"_self\" class=\"vc_single_image-wrapper 0   vc_box_border_grey\"><img loading=\"lazy\" decoding=\"async\" width=\"105\" height=\"54\" src=\"https:\/\/sohfest.com\/wp-content\/uploads\/2023\/02\/b-subscribe.jpg\" class=\"vc_single_image-img attachment-full\" alt=\"\" title=\"b-subscribe\" \/><\/a>\r\n\t\t<\/figure>\r\n\t<\/div>\r\n<\/div><\/div><\/div><\/div><\/div><\/div><\/div><div class=\"wpb_column vc_column_container vc_col-sm-5\"><div class=\"vc_column-inner\"><div class=\"wpb_wrapper\">\r\n\t<div class=\"wpb_single_image wpb_content_element vc_align_center\">\r\n\t\t\r\n\t\t<figure class=\"wpb_wrapper vc_figure\">\r\n\t\t\t<div class=\"vc_single_image-wrapper 0   vc_box_border_grey\"><img loading=\"lazy\" decoding=\"async\" width=\"1200\" height=\"117\" src=\"https:\/\/sohfest.com\/wp-content\/uploads\/2023\/02\/workshop-day4.jpg\" class=\"vc_single_image-img attachment-full\" alt=\"\" title=\"workshop-day4\" srcset=\"https:\/\/sohfest.com\/wp-content\/uploads\/2023\/02\/workshop-day4.jpg 1200w, https:\/\/sohfest.com\/wp-content\/uploads\/2023\/02\/workshop-day4-559x55.jpg 559w, https:\/\/sohfest.com\/wp-content\/uploads\/2023\/02\/workshop-day4-1024x100.jpg 1024w, https:\/\/sohfest.com\/wp-content\/uploads\/2023\/02\/workshop-day4-768x75.jpg 768w\" sizes=\"auto, (max-width: 1200px) 100vw, 1200px\" \/><\/div>\r\n\t\t<\/figure>\r\n\t<\/div>\r\n<div class=\"vc_row wpb_row vc_inner vc_row-fluid\"><div class=\"wpb_column vc_column_container vc_col-sm-6\"><div class=\"vc_column-inner\"><div class=\"wpb_wrapper\">\r\n\t<div class=\"wpb_single_image wpb_content_element vc_align_center   image-no-padding\">\r\n\t\t\r\n\t\t<figure class=\"wpb_wrapper vc_figure\">\r\n\t\t\t<div class=\"vc_single_image-wrapper 0   vc_box_border_grey\"><img decoding=\"async\" class=\"vc_single_image-img\" src=\"https:\/\/sohfest.com\/wp-content\/uploads\/2023\/02\/time-day4-150x35.jpg\" width=\"150\" height=\"35\" alt=\"time-day4\" title=\"time-day4\" loading=\"lazy\" \/><\/div>\r\n\t\t<\/figure>\r\n\t<\/div>\r\n\r\n\t<div class=\"wpb_single_image wpb_content_element vc_align_center\">\r\n\t\t\r\n\t\t<figure class=\"wpb_wrapper vc_figure\">\r\n\t\t\t<div class=\"vc_single_image-wrapper 0   vc_box_border_grey\"><img loading=\"lazy\" decoding=\"async\" width=\"600\" height=\"937\" src=\"https:\/\/sohfest.com\/wp-content\/uploads\/2023\/02\/workshop-stefano-bataglia.jpg\" class=\"vc_single_image-img attachment-full\" alt=\"\" title=\"workshop-stefano-bataglia\" srcset=\"https:\/\/sohfest.com\/wp-content\/uploads\/2023\/02\/workshop-stefano-bataglia.jpg 600w, https:\/\/sohfest.com\/wp-content\/uploads\/2023\/02\/workshop-stefano-bataglia-358x559.jpg 358w\" sizes=\"auto, (max-width: 600px) 100vw, 600px\" \/><\/div>\r\n\t\t<\/figure>\r\n\t<\/div>\r\n\r\n\t<div class=\"wpb_single_image wpb_content_element vc_align_center  vc_custom_1686418252068  image-no-padding no-display\">\r\n\t\t\r\n\t\t<figure class=\"wpb_wrapper vc_figure\">\r\n\t\t\t<a href=\"mailto:info@sohfest.com\" target=\"_self\" class=\"vc_single_image-wrapper 0   vc_box_border_grey\"><img loading=\"lazy\" decoding=\"async\" width=\"105\" height=\"54\" src=\"https:\/\/sohfest.com\/wp-content\/uploads\/2023\/02\/b-subscribe.jpg\" class=\"vc_single_image-img attachment-full\" alt=\"\" title=\"b-subscribe\" \/><\/a>\r\n\t\t<\/figure>\r\n\t<\/div>\r\n<\/div><\/div><\/div><div class=\"wpb_column vc_column_container vc_col-sm-6\"><div class=\"vc_column-inner\"><div class=\"wpb_wrapper\">\r\n\t<div class=\"wpb_single_image wpb_content_element vc_align_center   image-no-padding\">\r\n\t\t\r\n\t\t<figure class=\"wpb_wrapper vc_figure\">\r\n\t\t\t<div class=\"vc_single_image-wrapper 0   vc_box_border_grey\"><img decoding=\"async\" class=\"vc_single_image-img\" src=\"https:\/\/sohfest.com\/wp-content\/uploads\/2023\/02\/time-day4-2-150x35.jpg\" width=\"150\" height=\"35\" alt=\"time-day4-2\" title=\"time-day4-2\" loading=\"lazy\" \/><\/div>\r\n\t\t<\/figure>\r\n\t<\/div>\r\n\r\n\t<div class=\"wpb_single_image wpb_content_element vc_align_center\">\r\n\t\t\r\n\t\t<figure class=\"wpb_wrapper vc_figure\">\r\n\t\t\t<div class=\"vc_single_image-wrapper 0   vc_box_border_grey\"><img loading=\"lazy\" decoding=\"async\" width=\"600\" height=\"937\" src=\"https:\/\/sohfest.com\/wp-content\/uploads\/2023\/02\/workshop-bjorn-meyer.jpg\" class=\"vc_single_image-img attachment-full\" alt=\"\" title=\"workshop-bjorn-meyer\" srcset=\"https:\/\/sohfest.com\/wp-content\/uploads\/2023\/02\/workshop-bjorn-meyer.jpg 600w, https:\/\/sohfest.com\/wp-content\/uploads\/2023\/02\/workshop-bjorn-meyer-358x559.jpg 358w\" sizes=\"auto, (max-width: 600px) 100vw, 600px\" \/><\/div>\r\n\t\t<\/figure>\r\n\t<\/div>\r\n\r\n\t<div class=\"wpb_single_image wpb_content_element vc_align_center  vc_custom_1686418243147  image-no-padding no-display\">\r\n\t\t\r\n\t\t<figure class=\"wpb_wrapper vc_figure\">\r\n\t\t\t<a href=\"mailto:info@sohfest.com\" target=\"_self\" class=\"vc_single_image-wrapper 0   vc_box_border_grey\"><img loading=\"lazy\" decoding=\"async\" width=\"105\" height=\"54\" src=\"https:\/\/sohfest.com\/wp-content\/uploads\/2023\/02\/b-subscribe.jpg\" class=\"vc_single_image-img attachment-full\" alt=\"\" title=\"b-subscribe\" \/><\/a>\r\n\t\t<\/figure>\r\n\t<\/div>\r\n<\/div><\/div><\/div><\/div><\/div><\/div><\/div><div class=\"wpb_column vc_column_container vc_col-sm-1\"><div class=\"vc_column-inner\"><div class=\"wpb_wrapper\"><\/div><\/div><\/div><\/div><div class=\"vc_row-full-width vc_clearfix\"><\/div><div class=\"vc_row wpb_row vc_row-fluid\"><div class=\"wpb_column vc_column_container vc_col-sm-12\"><div class=\"vc_column-inner\"><div class=\"wpb_wrapper\"><div class=\"vc_empty_space\"   style=\"height: 20px\"><span class=\"vc_empty_space_inner\"><\/span><\/div><\/div><\/div><\/div><\/div>\n<\/div>","protected":false},"excerpt":{"rendered":"Dear SoH Festian The 2023 Workshops were free to attend and took place at Arter\u2019s Auditorium. All sessions were conducted in English by the artists. Festival Pass holders could join without prior subscription and participants were welcome to bring their instruments.","protected":false},"author":1,"featured_media":0,"parent":0,"menu_order":0,"comment_status":"closed","ping_status":"closed","template":"","meta":{"footnotes":""},"class_list":["post-3761","page","type-page","status-publish","hentry"],"_links":{"self":[{"href":"https:\/\/sohfest.com\/tr\/wp-json\/wp\/v2\/pages\/3761","targetHints":{"allow":["GET"]}}],"collection":[{"href":"https:\/\/sohfest.com\/tr\/wp-json\/wp\/v2\/pages"}],"about":[{"href":"https:\/\/sohfest.com\/tr\/wp-json\/wp\/v2\/types\/page"}],"author":[{"embeddable":true,"href":"https:\/\/sohfest.com\/tr\/wp-json\/wp\/v2\/users\/1"}],"replies":[{"embeddable":true,"href":"https:\/\/sohfest.com\/tr\/wp-json\/wp\/v2\/comments?post=3761"}],"version-history":[{"count":10,"href":"https:\/\/sohfest.com\/tr\/wp-json\/wp\/v2\/pages\/3761\/revisions"}],"predecessor-version":[{"id":4894,"href":"https:\/\/sohfest.com\/tr\/wp-json\/wp\/v2\/pages\/3761\/revisions\/4894"}],"wp:attachment":[{"href":"https:\/\/sohfest.com\/tr\/wp-json\/wp\/v2\/media?parent=3761"}],"curies":[{"name":"wp","href":"https:\/\/api.w.org\/{rel}","templated":true}]}}