{"id":3744,"date":"2023-02-03T22:15:55","date_gmt":"2023-02-03T18:45:55","guid":{"rendered":"https:\/\/sohfest.com\/?page_id=3744"},"modified":"2025-03-25T01:54:10","modified_gmt":"2025-03-24T22:24:10","slug":"sohfest-2023-film-screenings","status":"publish","type":"page","link":"https:\/\/sohfest.com\/tr\/sohfest-2023-film-screenings\/","title":{"rendered":"SoHFest 2023 \u2013 Film G\u00f6sterimleri"},"content":{"rendered":"<div class=\"wpb-content-wrapper\"><div data-vc-full-width=\"true\" data-vc-full-width-init=\"false\" data-vc-stretch-content=\"true\" class=\"vc_row wpb_row vc_row-fluid\"><div class=\"wpb_column vc_column_container vc_col-sm-1\"><div class=\"vc_column-inner\"><div class=\"wpb_wrapper\"><\/div><\/div><\/div><div class=\"wpb_column vc_column_container vc_col-sm-10\"><div class=\"vc_column-inner\"><div class=\"wpb_wrapper\">\n\t<div class=\"wpb_text_column wpb_content_element text-justify\" >\n\t\t<div class=\"wpb_wrapper\">\n\t\t\t<h2>Sevgili SoH Festli<\/h2>\n<p>Se\u00e7ilen belgesel filmler Arter\u2019in Oditoryumu\u2019nda g\u00f6sterildi ve kat\u0131l\u0131m \u00fccretsizdi. Festival Kart\u0131 sahipleri \u00f6nceden kay\u0131t olmadan kat\u0131l\u0131m sa\u011flayabildi.<\/p>\n\n\t\t<\/div>\n\t<\/div>\n<div class=\"vc_empty_space\"   style=\"height: 50px\"><span class=\"vc_empty_space_inner\"><\/span><\/div><div class=\"vc_separator wpb_content_element vc_separator_align_center vc_sep_width_100 vc_sep_border_width_5 vc_sep_pos_align_center vc_separator_no_text wpb_content_element  wpb_content_element\" ><span class=\"vc_sep_holder vc_sep_holder_l\"><span style=\"border-color:#b6cb7e;\" class=\"vc_sep_line\"><\/span><\/span><span class=\"vc_sep_holder vc_sep_holder_r\"><span style=\"border-color:#b6cb7e;\" class=\"vc_sep_line\"><\/span><\/span>\n<\/div>\r\n\t<div class=\"wpb_single_image wpb_content_element vc_align_left  vc_custom_1675946983764  image-no-padding\">\r\n\t\t\r\n\t\t<figure class=\"wpb_wrapper vc_figure\">\r\n\t\t\t<div class=\"vc_single_image-wrapper 0   vc_box_border_grey\"><img loading=\"lazy\" decoding=\"async\" width=\"1197\" height=\"213\" src=\"https:\/\/sohfest.com\/wp-content\/uploads\/2023\/02\/sohfest-film-screening-day2.jpg\" class=\"vc_single_image-img attachment-full\" alt=\"\" title=\"sohfest-film-screening-day2\" srcset=\"https:\/\/sohfest.com\/wp-content\/uploads\/2023\/02\/sohfest-film-screening-day2.jpg 1197w, https:\/\/sohfest.com\/wp-content\/uploads\/2023\/02\/sohfest-film-screening-day2-559x99.jpg 559w, https:\/\/sohfest.com\/wp-content\/uploads\/2023\/02\/sohfest-film-screening-day2-1024x182.jpg 1024w, https:\/\/sohfest.com\/wp-content\/uploads\/2023\/02\/sohfest-film-screening-day2-768x137.jpg 768w\" sizes=\"auto, (max-width: 1197px) 100vw, 1197px\" \/><\/div>\r\n\t\t<\/figure>\r\n\t<\/div>\r\n<div class=\"vc_row wpb_row vc_inner vc_row-fluid\"><div class=\"wpb_column vc_column_container vc_col-sm-12\"><div class=\"vc_column-inner vc_custom_1675946508600\"><div class=\"wpb_wrapper\">\n\t<div class=\"wpb_text_column wpb_content_element\" >\n\t\t<div class=\"wpb_wrapper\">\n\t\t\t<h2><small>Y\u00f6netmen: <\/small><a style=\"color: black; text-decoration: underline;\" href=\"https:\/\/sohfest.com\/tr\/sohfest-2023-panel-discussions\/#simon\"><strong>Simon Broughton<\/strong><\/a><\/h2>\n\n\t\t<\/div>\n\t<\/div>\n<div class=\"vc_empty_space\"   style=\"height: 20px\"><span class=\"vc_empty_space_inner\"><\/span><\/div>\n\t<div class=\"wpb_text_column wpb_content_element text-justify less-margin no-indent\" >\n\t\t<div class=\"wpb_wrapper\">\n\t\t\t<p>\u201cB\u00fcy\u00fcleyici hik\u00e2yeler, muhte\u015fem mimari ve \u015fimdiye kadar bestelenmi\u015f en g\u00fczel m\u00fcziklerden baz\u0131lar\u0131.\u201d <small>BBC<\/small><\/p>\n\n\t\t<\/div>\n\t<\/div>\n<\/div><\/div><\/div><\/div><div class=\"vc_empty_space\"   style=\"height: 32px\"><span class=\"vc_empty_space_inner\"><\/span><\/div><div class=\"vc_separator wpb_content_element vc_separator_align_center vc_sep_width_100 vc_sep_border_width_5 vc_sep_pos_align_center vc_separator_no_text wpb_content_element  wpb_content_element\" ><span class=\"vc_sep_holder vc_sep_holder_l\"><span style=\"border-color:#53a0cc;\" class=\"vc_sep_line\"><\/span><\/span><span class=\"vc_sep_holder vc_sep_holder_r\"><span style=\"border-color:#53a0cc;\" class=\"vc_sep_line\"><\/span><\/span>\n<\/div>\r\n\t<div class=\"wpb_single_image wpb_content_element vc_align_left  vc_custom_1675946998524  image-no-padding\">\r\n\t\t\r\n\t\t<figure class=\"wpb_wrapper vc_figure\">\r\n\t\t\t<div class=\"vc_single_image-wrapper 0   vc_box_border_grey\"><img loading=\"lazy\" decoding=\"async\" width=\"1197\" height=\"213\" src=\"https:\/\/sohfest.com\/wp-content\/uploads\/2023\/02\/sohfest-film-screening-day3.jpg\" class=\"vc_single_image-img attachment-full\" alt=\"\" title=\"sohfest-film-screening-day3\" srcset=\"https:\/\/sohfest.com\/wp-content\/uploads\/2023\/02\/sohfest-film-screening-day3.jpg 1197w, https:\/\/sohfest.com\/wp-content\/uploads\/2023\/02\/sohfest-film-screening-day3-559x99.jpg 559w, https:\/\/sohfest.com\/wp-content\/uploads\/2023\/02\/sohfest-film-screening-day3-1024x182.jpg 1024w, https:\/\/sohfest.com\/wp-content\/uploads\/2023\/02\/sohfest-film-screening-day3-768x137.jpg 768w\" sizes=\"auto, (max-width: 1197px) 100vw, 1197px\" \/><\/div>\r\n\t\t<\/figure>\r\n\t<\/div>\r\n<div class=\"vc_row wpb_row vc_inner vc_row-fluid\"><div class=\"wpb_column vc_column_container vc_col-sm-12\"><div class=\"vc_column-inner vc_custom_1675946529338\"><div class=\"wpb_wrapper\">\n\t<div class=\"wpb_text_column wpb_content_element\" >\n\t\t<div class=\"wpb_wrapper\">\n\t\t\t<h2><small>Y\u00f6netmen: <\/small><strong>Peter Guyer, Norbert Wiedmer<\/strong><\/h2>\n\n\t\t<\/div>\n\t<\/div>\n\n\t<div class=\"wpb_text_column wpb_content_element\" >\n\t\t<div class=\"wpb_wrapper\">\n\t\t\t<h2><small>M\u00fczik: <\/small><strong>Arvo P\u00e4rt, Anouar Brahem, Eleni Karaindrou, Dino Saluzzi, <a style=\"color: black; text-decoration: underline;\" href=\"\/tr\/artist\/anja-lechner\/\">Anja Lechner<\/a>, Gianluigi Trovesi, <a style=\"color: black; text-decoration: underline;\" href=\"\/tr\/artist\/nik-bartsch\/\">Nik B\u00e4rtsch<\/a>, Marilyn Mazur, Jan Garbarek, Kim Kashkashian<br \/>\n<\/strong><\/h2>\n\n\t\t<\/div>\n\t<\/div>\n<div class=\"vc_empty_space\"   style=\"height: 20px\"><span class=\"vc_empty_space_inner\"><\/span><\/div>\n\t<div class=\"wpb_text_column wpb_content_element text-justify less-margin no-indent\" >\n\t\t<div class=\"wpb_wrapper\">\n\t\t\t<p>\u201cFilm en \u00e7ok m\u00fczik yarat\u0131m s\u00fcrecini g\u00f6r\u00fcn\u00fcr ve i\u015fitilir k\u0131ld\u0131\u011f\u0131nda etkiliyor\u2026 Filmi bir dinleme okulu olarak g\u00f6renler i\u00e7in daha iyi bir se\u00e7im olamaz.\u201d <small>Wolfgang Sandner, Frankfurter Allgemeine Zeitung<\/small><\/p>\n\n\t\t<\/div>\n\t<\/div>\n<\/div><\/div><\/div><\/div><div class=\"vc_empty_space\"   style=\"height: 32px\"><span class=\"vc_empty_space_inner\"><\/span><\/div><div class=\"vc_separator wpb_content_element vc_separator_align_center vc_sep_width_100 vc_sep_border_width_5 vc_sep_pos_align_center vc_separator_no_text wpb_content_element  wpb_content_element\" ><span class=\"vc_sep_holder vc_sep_holder_l\"><span style=\"border-color:#14297a;\" class=\"vc_sep_line\"><\/span><\/span><span class=\"vc_sep_holder vc_sep_holder_r\"><span style=\"border-color:#14297a;\" class=\"vc_sep_line\"><\/span><\/span>\n<\/div>\r\n\t<div class=\"wpb_single_image wpb_content_element vc_align_left  vc_custom_1675947012124  image-no-padding\">\r\n\t\t\r\n\t\t<figure class=\"wpb_wrapper vc_figure\">\r\n\t\t\t<div class=\"vc_single_image-wrapper 0   vc_box_border_grey\"><img loading=\"lazy\" decoding=\"async\" width=\"1197\" height=\"236\" src=\"https:\/\/sohfest.com\/wp-content\/uploads\/2023\/02\/sohfest-film-screening-day4.jpg\" class=\"vc_single_image-img attachment-full\" alt=\"\" title=\"sohfest-film-screening-day4\" srcset=\"https:\/\/sohfest.com\/wp-content\/uploads\/2023\/02\/sohfest-film-screening-day4.jpg 1197w, https:\/\/sohfest.com\/wp-content\/uploads\/2023\/02\/sohfest-film-screening-day4-559x110.jpg 559w, https:\/\/sohfest.com\/wp-content\/uploads\/2023\/02\/sohfest-film-screening-day4-1024x202.jpg 1024w, https:\/\/sohfest.com\/wp-content\/uploads\/2023\/02\/sohfest-film-screening-day4-768x151.jpg 768w\" sizes=\"auto, (max-width: 1197px) 100vw, 1197px\" \/><\/div>\r\n\t\t<\/figure>\r\n\t<\/div>\r\n<div class=\"vc_row wpb_row vc_inner vc_row-fluid\"><div class=\"wpb_column vc_column_container vc_col-sm-12\"><div class=\"vc_column-inner vc_custom_1675946543398\"><div class=\"wpb_wrapper\">\n\t<div class=\"wpb_text_column wpb_content_element\" >\n\t\t<div class=\"wpb_wrapper\">\n\t\t\t<h2><small>Y\u00f6netmen: <\/small><strong>Arno Oehri<\/strong><\/h2>\n\n\t\t<\/div>\n\t<\/div>\n<div class=\"vc_empty_space\"   style=\"height: 20px\"><span class=\"vc_empty_space_inner\"><\/span><\/div>\n\t<div class=\"wpb_text_column wpb_content_element text-justify less-margin no-indent\" >\n\t\t<div class=\"wpb_wrapper\">\n\t\t\t<p>\u201cFilm (\u2026) \u00fcnl\u00fc bir gitaristi de\u011fil, elektrik gitar\u0131 seven ve bunu ya\u015fam\u0131n\u0131n bir par\u00e7as\u0131 h\u00e2line getirerek \u00e7evresiyle payla\u015fan bir adam\u0131 anlat\u0131yor. John, son derece ola\u011fan (bunu olumlu anlamda s\u00f6yl\u00fcyorum) ama ola\u011fan\u00fcst\u00fc bir yetene\u011fe sahip biri olarak kar\u015f\u0131m\u0131za \u00e7\u0131k\u0131yor. Onun insani y\u00f6n\u00fc film boyunca parl\u0131yor.\u201d <small>Eric Taffyn<\/small><\/p>\n\n\t\t<\/div>\n\t<\/div>\n<\/div><\/div><\/div><\/div><div class=\"vc_empty_space\"   style=\"height: 32px\"><span class=\"vc_empty_space_inner\"><\/span><\/div><\/div><\/div><\/div><div class=\"wpb_column vc_column_container vc_col-sm-1\"><div class=\"vc_column-inner\"><div class=\"wpb_wrapper\"><\/div><\/div><\/div><\/div><div class=\"vc_row-full-width vc_clearfix\"><\/div>\n<\/div>","protected":false},"excerpt":{"rendered":"Dear SoH Festian The selected documentary films were screened at Arter\u2019s Auditorium and were free to attend. Festival Pass holders could attend without prior subscription. Directed by: Simon Broughton \u201cFascinating stories, beautiful architecture and some of the greatest music ever written.\u201d BBC Directed by: Peter Guyer, Norbert Wiedmer Music composed by: Arvo P\u00e4rt, Anouar Brahem, Eleni Karaindrou, Dino Saluzzi, Anja Lechner, Gianluigi Trovesi, Nik B\u00e4rtsch, Marilyn Mazur, Jan Garbarek, Kim Kashkashian \u201cThe film fascinates most when it makes the process [...]","protected":false},"author":1,"featured_media":0,"parent":0,"menu_order":0,"comment_status":"closed","ping_status":"closed","template":"","meta":{"footnotes":""},"class_list":["post-3744","page","type-page","status-publish","hentry"],"_links":{"self":[{"href":"https:\/\/sohfest.com\/tr\/wp-json\/wp\/v2\/pages\/3744","targetHints":{"allow":["GET"]}}],"collection":[{"href":"https:\/\/sohfest.com\/tr\/wp-json\/wp\/v2\/pages"}],"about":[{"href":"https:\/\/sohfest.com\/tr\/wp-json\/wp\/v2\/types\/page"}],"author":[{"embeddable":true,"href":"https:\/\/sohfest.com\/tr\/wp-json\/wp\/v2\/users\/1"}],"replies":[{"embeddable":true,"href":"https:\/\/sohfest.com\/tr\/wp-json\/wp\/v2\/comments?post=3744"}],"version-history":[{"count":17,"href":"https:\/\/sohfest.com\/tr\/wp-json\/wp\/v2\/pages\/3744\/revisions"}],"predecessor-version":[{"id":6267,"href":"https:\/\/sohfest.com\/tr\/wp-json\/wp\/v2\/pages\/3744\/revisions\/6267"}],"wp:attachment":[{"href":"https:\/\/sohfest.com\/tr\/wp-json\/wp\/v2\/media?parent=3744"}],"curies":[{"name":"wp","href":"https:\/\/api.w.org\/{rel}","templated":true}]}}