{"id":3346,"date":"2023-01-31T23:16:08","date_gmt":"2023-01-31T19:46:08","guid":{"rendered":"https:\/\/sohfest.com\/?page_id=3346"},"modified":"2026-03-24T10:46:52","modified_gmt":"2026-03-24T07:16:52","slug":"istanbul-travel-guide-arter-sohfest-2025","status":"publish","type":"page","link":"https:\/\/sohfest.com\/tr\/istanbul-travel-guide-arter-sohfest-2025\/","title":{"rendered":"Nas\u0131l Gidilir"},"content":{"rendered":"<div class=\"wpb-content-wrapper\"><div data-vc-full-width=\"true\" data-vc-full-width-init=\"false\" data-vc-stretch-content=\"true\" class=\"vc_row wpb_row vc_row-fluid vc_column-gap-25\"><div class=\"wpb_column vc_column_container vc_col-sm-2\"><div class=\"vc_column-inner\"><div class=\"wpb_wrapper\"><\/div><\/div><\/div><div class=\"wpb_column vc_column_container vc_col-sm-8\"><div class=\"vc_column-inner\"><div class=\"wpb_wrapper\">\n\t<div class=\"wpb_text_column wpb_content_element text-justify\" >\n\t\t<div class=\"wpb_wrapper\">\n\t\t\t<p style=\"text-indent: 0 !important;\">Irmak Caddesi No: 13 Dolapdere<br \/>\nBeyo\u011flu 34435 Istanbul<br \/>\nT: +90 (212) 708 58 00<br \/>\n<a href=\"https:\/\/maps.app.goo.gl\/2LL7tToaXQWY8k437\" target=\"_blank\" rel=\"noopener\">Google Map<\/a><\/p>\n<p>Arter\u2019e ula\u015fmak, \u0130stanbul\u2019un Avrupa yakas\u0131ndaki en \u00f6nemli konaklama merkezlerinden biri olan Taksim b\u00f6lgesinden olduk\u00e7a kolayd\u0131r. Hava uygunsa Arter\u2019e y\u00fcr\u00fcmeyi d\u00fc\u015f\u00fcnebilirsiniz; bu yolculuk 15 dakikadan az s\u00fcrecektir! Ama hepsi bu kadar de\u011fil. \u00dccretsiz olarak<strong>Arter Servis Otob\u00fcsleri<\/strong>ne de binebilirsiniz! A\u015fa\u011f\u0131da belirtilen iki noktadan, saat ba\u015f\u0131 d\u00f6ng\u00fcyle hareket eden Arter otob\u00fcslerine binebilirsiniz. Festival Kart\u0131n\u0131z\u0131 veya Konser Biletinizi yan\u0131n\u0131zda bulundurmay\u0131 unutmay\u0131n; g\u00fclery\u00fczl\u00fc s\u00fcr\u00fcc\u00fclerimize g\u00f6stermeniz yeterlidir.<\/p>\n<h2><strong>\u0130\u015fte ba\u015fl\u0131yoruz:<\/strong><\/h2>\n<p style=\"text-indent: 0 !important;\"><strong>1- Taksim Servisi <\/strong>\u00a0<a href=\"https:\/\/www.google.com\/maps\/place\/Garanti+BBVA+ATM\/@41.0400621,28.9864109,17z\/data=!4m14!1m7!3m6!1s0x14cab7f1ac123185:0x6cdae23a729ae86c!2sGaranti+BBVA+ATM!8m2!3d41.0400621!4d28.9864109!16s%2Fg%2F11sct3h22l!3m5!1s0x14cab7f1ac123185:0x6cdae23a729ae86c!8m2!3d41.0400621!4d28.9864109!16s%2Fg%2F11sct3h22l?entry=ttu\" target=\"_blank\" rel=\"noopener\">Google Map<\/a><\/p>\n<p data-start=\"716\" data-end=\"773\"><strong data-start=\"716\" data-end=\"734\">Pick-up point:<\/strong> Taksim Metro Station, Gezi Park exit<\/p>\n<p data-start=\"775\" data-end=\"837\"><strong data-start=\"775\" data-end=\"793\">Taksim \u2192 Arter<\/strong><br data-start=\"793\" data-end=\"796\" \/>The first shuttle departs at <strong data-start=\"825\" data-end=\"834\">10:30<\/strong>.<\/p>\n<p data-start=\"839\" data-end=\"1065\"><strong data-start=\"839\" data-end=\"857\">Arter \u2192 Taksim<\/strong><br data-start=\"857\" data-end=\"860\" \/>Shuttles begin at <strong data-start=\"878\" data-end=\"887\">11:15<\/strong> and operate continuously:<br data-start=\"913\" data-end=\"916\" \/>11:15, 11:45, 12:15, 12:45, 13:15, 13:45, 14:15, 14:45, 15:15, 15:45, 16:15, 16:45, 17:15, 17:45, 18:15, 18:45, 19:05*, 19:15**, 19:45**, 20:05**<\/p>\n<p data-start=\"1067\" data-end=\"1170\">Shuttles departing from Arter typically arrive at Taksim within <strong data-start=\"1131\" data-end=\"1147\">5\u201315 minutes<\/strong>, depending on traffic.<\/p>\n<p data-start=\"1172\" data-end=\"1339\">In addition, a <strong data-start=\"1187\" data-end=\"1214\">special shuttle service<\/strong> departs from Taksim <strong data-start=\"1235\" data-end=\"1300\">30 minutes before each event scheduled outside visiting hours<\/strong> and returns to Taksim after the event.<\/p>\n<p style=\"text-indent: 0 !important;\"><strong>2- Tepeba\u015f\u0131 Servisi \u00a0<\/strong><a href=\"https:\/\/maps.app.goo.gl\/GSDvCoesthJvdhW87\" target=\"_blank\" rel=\"noopener\">Google Map<\/a><\/p>\n<p data-start=\"1390\" data-end=\"1469\"><strong data-start=\"1390\" data-end=\"1408\">Pick-up point:<\/strong> IETT Tepeba\u015f\u0131 Bus Stop (towards \u015ei\u015fhane), near Pera Museum<\/p>\n<p data-start=\"1471\" data-end=\"1550\"><strong data-start=\"1471\" data-end=\"1491\">Tepeba\u015f\u0131 \u2192 Arter<\/strong><br data-start=\"1491\" data-end=\"1494\" \/>10:30, 12:30, 13:30, 14:30, 15:30, 16:30, 17:30, 18:30**<\/p>\n<p data-start=\"1552\" data-end=\"1624\"><strong data-start=\"1552\" data-end=\"1572\">Arter \u2192 Tepeba\u015f\u0131<\/strong><br data-start=\"1572\" data-end=\"1575\" \/>12:00, 14:00, 15:00, 16:00, 17:00, 18:00, 19:00**<\/p>\n<p data-start=\"1631\" data-end=\"1726\">* Bu servis Per\u015fembe g\u00fcnleri \u00e7al\u0131\u015fmaz.<br data-start=\"1677\" data-end=\"1680\" \/>** Bu servis yaln\u0131zca Per\u015fembe g\u00fcnleri \u00e7al\u0131\u015f\u0131r.<\/p>\n<p data-start=\"1728\" data-end=\"1813\">Please note that <strong data-start=\"1745\" data-end=\"1771\">minor delays may occur<\/strong> depending on traffic and road conditions.<\/p>\n<p data-start=\"1815\" data-end=\"1921\">The <strong data-start=\"1819\" data-end=\"1864\">last shuttle departs from Arter to Taksim<\/strong> following the end of visiting hours or scheduled events.<\/p>\n<h2><strong>\u0130stanbul\u2019a Nas\u0131l Gelinir<\/strong><\/h2>\n<p>\u0130stanbul, \u00f6nemli ve pop\u00fcler bir turistik destinasyon olarak ula\u015f\u0131m\u0131 en kolay \u015fehirlerden biridir. Ancak, baz\u0131 faydal\u0131 ipu\u00e7lar\u0131n\u0131 payla\u015fmakta da yarar var:<\/p>\n<p style=\"text-indent: 0 !important;\"><strong>1 \u2013 Vize<\/strong><\/p>\n<p>Neredeyse t\u00fcm AB vatanda\u015flar\u0131 T\u00fcrkiye\u2019ye vizesiz giri\u015f yapabilir. Di\u011fer bir\u00e7ok \u00fclkenin vatanda\u015flar\u0131 ise e-Vize\u2019yi uzaktan alabilir. Pasaportunuzun en az 6 ay ge\u00e7erli oldu\u011fundan emin olun. Vize durumunuzu kontrol etmek i\u00e7in en do\u011frusu \u015fu adresi ziyaret etmektir: <a href=\"https:\/\/www.mfa.gov.tr\/general-information-about-turkish-visas.en.mfa\" target=\"_blank\" rel=\"noopener\">https:\/\/www.mfa.gov.tr\/general-information-about-turkish-visas.en.mfa<\/a><\/p>\n<p style=\"text-indent: 0 !important;\"><strong>2 \u2013 Var\u0131\u015f Noktas\u0131<\/strong><\/p>\n<p>Yeni in\u015fa edilen \u0130stanbul Havaliman\u0131 (d\u00fcnyan\u0131n en b\u00fcy\u00fck havaliman\u0131 olarak duyurulmu\u015ftur), \u0130stanbul\u2019un kuzeybat\u0131s\u0131nda, Karadeniz k\u0131y\u0131s\u0131nda yer al\u0131r. B\u00fcy\u00fck ihtimalle \u00e7o\u011funuz buraya ineceksiniz (\u015fehir merkezine yakla\u015f\u0131k 50 km mesafede). Hava\u0130st servis otob\u00fcsleri, sizi Taksim veya Mecidiyek\u00f6y gibi \u00f6nemli merkezlere yakla\u015f\u0131k 4 Euro\u2019nun alt\u0131nda bir \u00fccretle ula\u015ft\u0131ran en pratik se\u00e7enektir. Taksiyle gitmek 25 ila 40 Euro aras\u0131nda tutabilir. Yo\u011fun trafik yoksa otob\u00fcsle ya da taksiyle ortalama 60 dakikal\u0131k bir yolculuk yapman\u0131z gerekir.<\/p>\n<p>Pegasus, Atlas Global, AnadoluJet gibi baz\u0131 havayollar\u0131 ise \u0130stanbul\u2019un Anadolu yakas\u0131nda, \u015fehir merkezine uzak olan Sabiha G\u00f6k\u00e7en Havaliman\u0131\u2019na inmektedir. E\u011fer Avrupa yakas\u0131nda ve festival mekan\u0131na yak\u0131n konaklayacaksan\u0131z, bu havaliman\u0131n\u0131 tercih etmenizi \u00f6nermeyiz \u00e7\u00fcnk\u00fc ula\u015f\u0131m s\u00fcresi bazen 2 saati bulabilir. \u00c7\u00fcnk\u00fc Bo\u011faz k\u00f6pr\u00fcleri g\u00fcn boyunca yo\u011fun trafikle doludur.<\/p>\n<p style=\"text-indent: 0 !important;\"><strong>3 \u2013 Genel \u0130pu\u00e7lar\u0131<\/strong><\/p>\n<p style=\"text-indent: 0 !important;\">1 \u2013 Musluk suyu i\u00e7me ama\u00e7l\u0131 kullan\u0131lmamal\u0131d\u0131r.<br \/>\n2 \u2013 \u0130stanbul\u2019da araba kiralamak tavsiye edilmez. Trafik olduk\u00e7a yo\u011fundur ve park yeri bulmak zordur. Taksi ve toplu ta\u015f\u0131ma en iyi ula\u015f\u0131m y\u00f6ntemleridir.<br \/>\n3 \u2013 Kibar olmak isterseniz bah\u015fi\u015f yeterlidir. Ancak bah\u015fi\u015f zorunlu de\u011fildir.<br \/>\n4 \u2013 Kilitsiz bir cep telefonunuz varsa, internet eri\u015fimi olan \u00f6n \u00f6demeli SIM kartlar sat\u0131n alabilirsiniz. Dola\u015f\u0131m (roaming) olduk\u00e7a pahal\u0131d\u0131r.<br \/>\n5 \u2013 \u0130stanbul\u2019da toplu ta\u015f\u0131ma olduk\u00e7a iyidir. Birden fazla yere toplu ta\u015f\u0131ma ile gitmeyi planl\u0131yorsan\u0131z, gazete bayilerinden veya baz\u0131 d\u00fckkanlardan temin edebilece\u011finiz \u0130stanbul Kart alman\u0131z\u0131 \u00f6neririz. Kart\u0131 her istasyonda kolayca doldurabilirsiniz.<br \/>\n6 \u2013 Nakit Kullan\u0131m\u0131: T\u00fcrk Liras\u0131\u2019n\u0131n de\u011feri g\u00fcnl\u00fck olarak de\u011fi\u015febilir. Kald\u0131\u011f\u0131n\u0131z s\u00fcre bir haftadan uzunsa, paran\u0131z\u0131 tek seferde bozdurmak yerine ihtiyac\u0131n\u0131za g\u00f6re par\u00e7a par\u00e7a bozdurman\u0131z\u0131 \u00f6neririz. Ayr\u0131ca baz\u0131 ma\u011fazalarda nakit al\u0131\u015fveri\u015flerde indirim yap\u0131ld\u0131\u011f\u0131n\u0131 unutmay\u0131n.<\/p>\n\n\t\t<\/div>\n\t<\/div>\n<div class=\"vc_empty_space\"   style=\"height: 24px\"><span class=\"vc_empty_space_inner\"><\/span><\/div><\/div><\/div><\/div><div class=\"wpb_column vc_column_container vc_col-sm-2\"><div class=\"vc_column-inner\"><div class=\"wpb_wrapper\"><\/div><\/div><\/div><\/div><div class=\"vc_row-full-width vc_clearfix\"><\/div>\n<\/div>","protected":false},"excerpt":{"rendered":"Irmak Caddesi No: 13 Dolapdere Beyo\u011flu 34435 Istanbul T: +90 (212) 708 58 00 Google Map Arter is quite easy to reach from the Taksim neighborhood -one of the most important accommodation hubs of the European part of Istanbul. If the weather complies you may think of walking to Arter which cost you less than 15 minutes! But that is not all. You can also hop on the \u201cArter Shuttle Buses\u201d for free! There are two pick up points on [...]","protected":false},"author":1,"featured_media":0,"parent":0,"menu_order":0,"comment_status":"closed","ping_status":"closed","template":"","meta":{"footnotes":""},"class_list":["post-3346","page","type-page","status-publish","hentry"],"_links":{"self":[{"href":"https:\/\/sohfest.com\/tr\/wp-json\/wp\/v2\/pages\/3346","targetHints":{"allow":["GET"]}}],"collection":[{"href":"https:\/\/sohfest.com\/tr\/wp-json\/wp\/v2\/pages"}],"about":[{"href":"https:\/\/sohfest.com\/tr\/wp-json\/wp\/v2\/types\/page"}],"author":[{"embeddable":true,"href":"https:\/\/sohfest.com\/tr\/wp-json\/wp\/v2\/users\/1"}],"replies":[{"embeddable":true,"href":"https:\/\/sohfest.com\/tr\/wp-json\/wp\/v2\/comments?post=3346"}],"version-history":[{"count":25,"href":"https:\/\/sohfest.com\/tr\/wp-json\/wp\/v2\/pages\/3346\/revisions"}],"predecessor-version":[{"id":7003,"href":"https:\/\/sohfest.com\/tr\/wp-json\/wp\/v2\/pages\/3346\/revisions\/7003"}],"wp:attachment":[{"href":"https:\/\/sohfest.com\/tr\/wp-json\/wp\/v2\/media?parent=3346"}],"curies":[{"name":"wp","href":"https:\/\/api.w.org\/{rel}","templated":true}]}}