{"id":3344,"date":"2023-01-31T23:14:08","date_gmt":"2023-01-31T19:44:08","guid":{"rendered":"https:\/\/sohfest.com\/?page_id=3344"},"modified":"2025-03-24T01:15:38","modified_gmt":"2025-03-23T21:45:38","slug":"arter-istanbul-sohfest-2025","status":"publish","type":"page","link":"https:\/\/sohfest.com\/tr\/arter-istanbul-sohfest-2025\/","title":{"rendered":"Arter"},"content":{"rendered":"<div class=\"wpb-content-wrapper\"><div data-vc-full-width=\"true\" data-vc-full-width-init=\"false\" data-vc-stretch-content=\"true\" class=\"vc_row wpb_row vc_row-fluid vc_column-gap-25\"><div class=\"wpb_column vc_column_container vc_col-sm-6\"><div class=\"vc_column-inner\"><div class=\"wpb_wrapper\">\n\t<div class=\"wpb_text_column wpb_content_element text-justify\" >\n\t\t<div class=\"wpb_wrapper\">\n\t\t\t<p>Vehbi Ko\u00e7 Vakf\u0131\u2019na ba\u011fl\u0131 bir kurum olarak 2010 y\u0131l\u0131nda a\u00e7\u0131lan Arter, 2019 y\u0131l\u0131nda (SoHFest\u2019in ger\u00e7ekle\u015fti\u011fi) Dolapdere\u2019deki yeni binas\u0131na ta\u015f\u0131nm\u0131\u015f, Britanyal\u0131 mimarl\u0131k ofisi Grimshaw Architects imzas\u0131n\u0131 ta\u015f\u0131yan bu yap\u0131s\u0131yla \u0130stanbul\u2019un \u00f6nemli k\u00fclt\u00fcr yap\u0131lar\u0131 aras\u0131nda yerini alm\u0131\u015ft\u0131r.<\/p>\n<p>\u00dcnl\u00fc Taksim Meydan\u0131\u2019na sadece 15 dakikal\u0131k y\u00fcr\u00fcme mesafesinde bulunan bu simgesel yap\u0131, toplam 18.000 metrekarelik kapal\u0131 alan\u0131yla performans salonlar\u0131, \u00f6\u011frenim ve etkinlik alanlar\u0131, bir k\u00fct\u00fcphane, sanat yay\u0131nlar\u0131na odaklanan bir kitabevi, bir bistro ve sergi alanlar\u0131na ev sahipli\u011fi yapmaktad\u0131r.<br \/>\nTeleskopik oturma d\u00fczenine sahip s\u0131cak atmosferli Sevgi G\u00f6n\u00fcl Oditoryumu, Film G\u00f6sterimleri, At\u00f6lyeler ve Panel Tart\u0131\u015fmalar\u0131na ev sahipli\u011fi yapacak; tam esnek oturma yap\u0131s\u0131 ve en \u00fcst d\u00fczey teknik donan\u0131m\u0131yla \u00f6ne \u00e7\u0131kan Karbon Black Box ise Show of Hands\u2019\u0131n ana performanslar\u0131 i\u00e7in ayr\u0131lm\u0131\u015ft\u0131r.<\/p>\n<p>Arter mutlaka ziyaret edilmesi gereken bir k\u00fclt\u00fcr yap\u0131s\u0131d\u0131r ve SoHFest sizi Arter\u2019in web sitesini detayl\u0131ca incelemeye, yakla\u015fan etkinlikleri ve sergileri g\u00f6zden ge\u00e7irmeye davet eder: <a href=\"http:\/\/www.arter.org.tr\/\" target=\"_blank\" rel=\"noopener\">arter.org.tr<\/a><br \/>\n<em>Address: Irmak Caddesi No: 13 Dolapdere<\/em><br \/>\n<em>Beyo\u011flu 34435 Istanbul<\/em><br \/>\n<em>Tel: +90 (212) 708 58 00<\/em><br \/>\n<a class=\"event-icon\" href=\"https:\/\/goo.gl\/maps\/GbyuJoNMYk3ztPmj8\" target=\"_blank\" rel=\"noopener\"><i class=\"fas fa-map-marker\"><\/i> Google Map<\/a><\/p>\n<p>Arter\u2019e \u00f6zellikle Taksim ve Osmanbey metro istasyonlar\u0131ndan ula\u015fmak olduk\u00e7a kolayd\u0131r; e\u011fer hava uygunsa, bu istasyonlardan Arter\u2019e y\u00fcr\u00fcmeyi bile d\u00fc\u015f\u00fcnebilirsiniz. Ama hepsi bu kadar de\u011fil! \u00dcstelik \u201cArter Servis Otob\u00fcsleri\u201dne \u00fccretsiz olarak binebilirsiniz! Arter\u2019e saat ba\u015f\u0131 sefer yapan bu servis otob\u00fcslerine binebilece\u011finiz iki durak bulunmaktad\u0131r (a\u015fa\u011f\u0131ya bak\u0131n\u0131z).<\/p>\n<h2><strong>\u0130\u015fte ba\u015fl\u0131yoruz:<\/strong><\/h2>\n<p style=\"text-indent: 0 !important;\"><strong>1- Taksim Servisi<\/strong><\/p>\n<p>Nokta, Taksim Metro \u0130stasyonu\u2019nun <a href=\"https:\/\/www.google.com\/maps\/place\/Garanti+BBVA+ATM\/@41.0400621,28.9864109,17z\/data=!4m14!1m7!3m6!1s0x14cab7f1ac123185:0x6cdae23a729ae86c!2sGaranti+BBVA+ATM!8m2!3d41.0400621!4d28.9864109!16s%2Fg%2F11sct3h22l!3m5!1s0x14cab7f1ac123185:0x6cdae23a729ae86c!8m2!3d41.0400621!4d28.9864109!16s%2Fg%2F11sct3h22l?entry=ttu\" target=\"_blank\" rel=\"noopener\"><em>Gezi \u00c7\u0131k\u0131\u015f\u0131\u2019nda<\/em><\/a> yer almaktad\u0131r.<br \/>\n<em>Taksim -&gt; Arter<\/em><br \/>\n10:30, 11:30, 12:30, 13:30, 14:30, 15:30, 16:30, 17:30, 18:30, 19:30*, 20:05*<br \/>\n<em>Arter -&gt; Taksim<\/em><br \/>\n11:30, 12:30, 13:30, 14:30, 15:30, 16:30, 17:30, 18:30, 19:30*, 20:05*<br \/>\n<em>Taksim\u2019den ayr\u0131ca, konser ba\u015flamadan sadece 30 dakika \u00f6nce hareket eden \u00f6zel bir servis arac\u0131 kalkar ve konser sonras\u0131 tekrar Taksim\u2019e d\u00f6ner.<\/em><\/p>\n<p style=\"text-indent: 0 !important;\"><strong>2- Tepeba\u015f\u0131 Servisi<\/strong><\/p>\n<p>Servis noktas\u0131, giri\u015fte yer almaktad\u0131r; <a href=\"https:\/\/maps.app.goo.gl\/GSDvCoesthJvdhW87\" target=\"_blank\" rel=\"noopener\">Pera M\u00fczesi\u2019nde<\/a><br \/>\n<em>Tepeba\u015f\u0131 -&gt; Arter<\/em><br \/>\n10:30, 12:30, 13:30, 15:30, 17:30, 18:30, 19:30*<br \/>\n<em>Arter -&gt; Tepeba\u015f\u0131<\/em><br \/>\n12:00, 13:00, 15:00, 17:00, 18:00, 19:00*, 20:05*<br \/>\n<em>\u0130\u015faretli seferler yaln\u0131zca Per\u015fembe g\u00fcnleri yap\u0131l\u0131r<\/em><\/p>\n\n\t\t<\/div>\n\t<\/div>\n<\/div><\/div><\/div><div class=\"wpb_column vc_column_container vc_col-sm-6\"><div class=\"vc_column-inner\"><div class=\"wpb_wrapper\">\r\n\t<div class=\"wpb_single_image wpb_content_element vc_align_center\">\r\n\t\t\r\n\t\t<figure class=\"wpb_wrapper vc_figure\">\r\n\t\t\t<div class=\"vc_single_image-wrapper 0   vc_box_border_grey\"><img loading=\"lazy\" decoding=\"async\" width=\"867\" height=\"1440\" src=\"https:\/\/sohfest.com\/wp-content\/uploads\/2023\/07\/Venue-Pgae-Arter-Photo.002-copy.jpg\" class=\"vc_single_image-img attachment-full\" alt=\"Arter Istanbul, the official venue for SOHFest 2025.\" title=\"Venue Pgae - Arter Photo.002 copy\" srcset=\"https:\/\/sohfest.com\/wp-content\/uploads\/2023\/07\/Venue-Pgae-Arter-Photo.002-copy.jpg 867w, https:\/\/sohfest.com\/wp-content\/uploads\/2023\/07\/Venue-Pgae-Arter-Photo.002-copy-337x559.jpg 337w, https:\/\/sohfest.com\/wp-content\/uploads\/2023\/07\/Venue-Pgae-Arter-Photo.002-copy-617x1024.jpg 617w, https:\/\/sohfest.com\/wp-content\/uploads\/2023\/07\/Venue-Pgae-Arter-Photo.002-copy-768x1276.jpg 768w\" sizes=\"auto, (max-width: 867px) 100vw, 867px\" \/><\/div>\r\n\t\t<\/figure>\r\n\t<\/div>\r\n<div class=\"vc_empty_space\"   style=\"height: 20px\"><span class=\"vc_empty_space_inner\"><\/span><\/div><\/div><\/div><\/div><\/div><div class=\"vc_row-full-width vc_clearfix\"><\/div>\n<\/div>","protected":false},"excerpt":{"rendered":"Arter, which was opened in 2010 as an affiliated institution of the Vehbi Ko\u00e7 Foundation, moved to its new building in Dolapdere in 2019 (where SoHFest is taking place) bearing the signature of the British architectural office Grimshaw Architects, and has taken its place among the important cultural structures of Istanbul. This landmark building (just 15 minutes walking distance from the famous Taksim Square) with a total indoor area of 18,000 square meters, has performance halls, learning and event spaces, [...]","protected":false},"author":1,"featured_media":0,"parent":0,"menu_order":0,"comment_status":"closed","ping_status":"closed","template":"","meta":{"footnotes":""},"class_list":["post-3344","page","type-page","status-publish","hentry"],"_links":{"self":[{"href":"https:\/\/sohfest.com\/tr\/wp-json\/wp\/v2\/pages\/3344","targetHints":{"allow":["GET"]}}],"collection":[{"href":"https:\/\/sohfest.com\/tr\/wp-json\/wp\/v2\/pages"}],"about":[{"href":"https:\/\/sohfest.com\/tr\/wp-json\/wp\/v2\/types\/page"}],"author":[{"embeddable":true,"href":"https:\/\/sohfest.com\/tr\/wp-json\/wp\/v2\/users\/1"}],"replies":[{"embeddable":true,"href":"https:\/\/sohfest.com\/tr\/wp-json\/wp\/v2\/comments?post=3344"}],"version-history":[{"count":30,"href":"https:\/\/sohfest.com\/tr\/wp-json\/wp\/v2\/pages\/3344\/revisions"}],"predecessor-version":[{"id":6256,"href":"https:\/\/sohfest.com\/tr\/wp-json\/wp\/v2\/pages\/3344\/revisions\/6256"}],"wp:attachment":[{"href":"https:\/\/sohfest.com\/tr\/wp-json\/wp\/v2\/media?parent=3344"}],"curies":[{"name":"wp","href":"https:\/\/api.w.org\/{rel}","templated":true}]}}