{"id":2773,"date":"2023-01-17T16:18:48","date_gmt":"2023-01-17T12:48:48","guid":{"rendered":"https:\/\/www.sohfest.com\/?page_id=2773"},"modified":"2026-03-24T10:46:50","modified_gmt":"2026-03-24T07:16:50","slug":"sohfest-2026-tickets-festival-pass","status":"publish","type":"page","link":"https:\/\/sohfest.com\/tr\/sohfest-2026-tickets-festival-pass\/","title":{"rendered":"Tickets"},"content":{"rendered":"<div class=\"wpb-content-wrapper\"><div data-vc-full-width=\"true\" data-vc-full-width-init=\"false\" data-vc-stretch-content=\"true\" class=\"vc_row wpb_row vc_row-fluid vc_column-gap-25\"><div class=\"wpb_column vc_column_container vc_col-sm-12\"><div class=\"vc_column-inner\"><div class=\"wpb_wrapper\">\r\n\t<div class=\"wpb_single_image wpb_content_element vc_align_center   figure-no-pad\">\r\n\t\t\r\n\t\t<figure class=\"wpb_wrapper vc_figure\">\r\n\t\t\t<div class=\"vc_single_image-wrapper 0   vc_box_border_grey\"><img decoding=\"async\" class=\"vc_single_image-img\" src=\"https:\/\/sohfest.com\/wp-content\/uploads\/2026\/03\/SOHFEST-Ticket-Page-Banner-Slide-1920x333.001.jpeg\" width=\"1920\" height=\"333\" alt=\"SOHFest 2026 Istanbul Festival Pass and Tickets\" title=\"SOHFest 2026 Istanbul Festival Pass and Tickets\" loading=\"lazy\" \/><\/div>\r\n\t\t<\/figure>\r\n\t<\/div>\r\n<\/div><\/div><\/div><\/div><div class=\"vc_row-full-width vc_clearfix\"><\/div><div class=\"vc_row wpb_row vc_row-fluid\"><div class=\"wpb_column vc_column_container vc_col-sm-12\"><div class=\"vc_column-inner\"><div class=\"wpb_wrapper\">\n\t<div class=\"wpb_text_column wpb_content_element\" >\n\t\t<div class=\"wpb_wrapper\">\n\t\t\t\n\t\t<\/div>\n\t<\/div>\n<\/div><\/div><\/div><\/div><div data-vc-full-width=\"true\" data-vc-full-width-init=\"false\" class=\"vc_row wpb_row vc_row-fluid\"><div class=\"wpb_column vc_column_container vc_col-sm-1\"><div class=\"vc_column-inner\"><div class=\"wpb_wrapper\"><\/div><\/div><\/div><div class=\"wpb_column vc_column_container vc_col-sm-10\"><div class=\"vc_column-inner\"><div class=\"wpb_wrapper\">\n\t<div class=\"wpb_text_column wpb_content_element text-justify\" >\n\t\t<div class=\"wpb_wrapper\">\n\t\t\t<h2><strong>Sevgili SoHFest\u2019li<\/strong><\/h2>\n<p>If you want to join and attend our events you can either purchase Full Night Ticket or a Festival Pass. A Full Night Ticket means you can attend both concerts on that certain day. By obtaining a Festival Pass you have access to all concerts and also free admission to other events throughout the festival such as the Film Screening, Workshops or Discussion Panels with no need to subscribe in advance. Ticket and Pass holders can also freely use the scheduled Shuttle Buses rounding between Taksim Square or Pera Museum to ARTER during the festival days.<\/p>\n\n\t\t<\/div>\n\t<\/div>\n<div class=\"vc_row wpb_row vc_inner vc_row-fluid\"><div class=\"wpb_column vc_column_container vc_col-sm-2\"><div class=\"vc_column-inner\"><div class=\"wpb_wrapper\"><div class=\"vc_empty_space\"   style=\"height: 30px\"><span class=\"vc_empty_space_inner\"><\/span><\/div><\/div><\/div><\/div><div class=\"wpb_column vc_column_container vc_col-sm-5\"><div class=\"vc_column-inner\"><div class=\"wpb_wrapper\"><div class=\"vc_empty_space\"   style=\"height: 100px\"><span class=\"vc_empty_space_inner\"><\/span><\/div>\n\t<div class=\"wpb_text_column wpb_content_element text-list\" >\n\t\t<div class=\"wpb_wrapper\">\n\t\t\t<h2><strong>Festival Kart\u0131 \u2013 <\/strong>3,600 TL (3,100 TL for students)<strong><br \/>\n<\/strong><strong>Tam Gece Bileti \u2013 <\/strong>1,000 TL (700 TL for students)<strong><br \/>\n<\/strong><\/h2>\n<h2>*Prices exclude ticketing service charges.**<\/h2>\n\n\t\t<\/div>\n\t<\/div>\n\n\t<div class=\"wpb_text_column wpb_content_element text-list\" >\n\t\t<div class=\"wpb_wrapper\">\n\t\t\t\n\t\t<\/div>\n\t<\/div>\n<div class=\"vc_empty_space\"   style=\"height: 50px\"><span class=\"vc_empty_space_inner\"><\/span><\/div>\n\t<div class=\"wpb_text_column wpb_content_element text-list\" >\n\t\t<div class=\"wpb_wrapper\">\n\t\t\t<h2><strong>\u00dccretsiz kat\u0131l\u0131m sa\u011flanan etkinliklerimize<br \/>\n<\/strong><u style=\"font-size: 16px;\"><\/u><\/h2>\n<p><a href=\"https:\/\/sohfest.com\/tr\/sohfest-2026-film-screening-panel-discussions\/\"><img loading=\"lazy\" decoding=\"async\" class=\"alignnone wp-image-6940\" src=\"https:\/\/sohfest.com\/wp-content\/uploads\/2026\/02\/SoHFest.com-2026-Logos-FilmsPanels-EN.jpg\" alt=\"SoHFest 2026 Istanbul Films &amp; Panels Logo\" width=\"150\" height=\"77\" srcset=\"https:\/\/sohfest.com\/wp-content\/uploads\/2026\/02\/SoHFest.com-2026-Logos-FilmsPanels-EN.jpg 371w, https:\/\/sohfest.com\/wp-content\/uploads\/2026\/02\/SoHFest.com-2026-Logos-FilmsPanels-EN-18x9.jpg 18w, https:\/\/sohfest.com\/wp-content\/uploads\/2026\/02\/SoHFest.com-2026-Logos-FilmsPanels-EN-70x36.jpg 70w, https:\/\/sohfest.com\/wp-content\/uploads\/2026\/02\/SoHFest.com-2026-Logos-FilmsPanels-EN-83x43.jpg 83w, https:\/\/sohfest.com\/wp-content\/uploads\/2026\/02\/SoHFest.com-2026-Logos-FilmsPanels-EN-63x32.jpg 63w\" sizes=\"auto, (max-width: 150px) 100vw, 150px\" \/><\/a><span style=\"font-size: 16px;\">\u00a0 \u00a0\u00a0<\/span><u style=\"font-size: 16px;\"><a href=\"https:\/\/sohfest.com\/tr\/sohfest-2026-workshops\/\"><img loading=\"lazy\" decoding=\"async\" class=\"alignnone wp-image-6942\" src=\"https:\/\/sohfest.com\/wp-content\/uploads\/2026\/02\/SoHFest.com-2026-Logos-Workshops-EN.jpg\" alt=\"SoHFest 2026 Istanbul Workshops Logo\" width=\"150\" height=\"77\" srcset=\"https:\/\/sohfest.com\/wp-content\/uploads\/2026\/02\/SoHFest.com-2026-Logos-Workshops-EN.jpg 371w, https:\/\/sohfest.com\/wp-content\/uploads\/2026\/02\/SoHFest.com-2026-Logos-Workshops-EN-18x9.jpg 18w, https:\/\/sohfest.com\/wp-content\/uploads\/2026\/02\/SoHFest.com-2026-Logos-Workshops-EN-70x36.jpg 70w, https:\/\/sohfest.com\/wp-content\/uploads\/2026\/02\/SoHFest.com-2026-Logos-Workshops-EN-83x43.jpg 83w, https:\/\/sohfest.com\/wp-content\/uploads\/2026\/02\/SoHFest.com-2026-Logos-Workshops-EN-63x32.jpg 63w\" sizes=\"auto, (max-width: 150px) 100vw, 150px\" \/><\/a><\/u><\/p>\n\n\t\t<\/div>\n\t<\/div>\n<\/div><\/div><\/div><div class=\"wpb_column vc_column_container vc_col-sm-3\"><div class=\"vc_column-inner\"><div class=\"wpb_wrapper\"><div class=\"vc_empty_space\"   style=\"height: 100px\"><span class=\"vc_empty_space_inner\"><\/span><\/div>\n\t<div class=\"wpb_text_column wpb_content_element text-list\" >\n\t\t<div class=\"wpb_wrapper\">\n\t\t\t<h2 style=\"text-align: center;\"><strong>Almak i\u00e7in <\/strong><strong>Biletinizi veya<br \/>\n<\/strong><strong>Festival Kart\u0131n\u0131z\u0131 <\/strong><strong>a\u015fa\u011f\u0131ya t\u0131klay\u0131n<\/strong><\/h2>\n\n\t\t<\/div>\n\t<\/div>\n<div class=\"vc_empty_space\"   style=\"height: 30px\"><span class=\"vc_empty_space_inner\"><\/span><\/div>\r\n\t<div class=\"wpb_single_image wpb_content_element vc_align_center\">\r\n\t\t\r\n\t\t<figure class=\"wpb_wrapper vc_figure\">\r\n\t\t\t<a href=\"https:\/\/mobilet.com\/tr\/parent-event-detail\/show-of-hands-dogaclama-muzik-festivali-379\/\" target=\"_blank\" class=\"vc_single_image-wrapper 0   vc_box_border_grey\" rel=\"noopener\"><img loading=\"lazy\" decoding=\"async\" width=\"559\" height=\"184\" src=\"https:\/\/sohfest.com\/wp-content\/uploads\/2024\/02\/Mobilet-5-559x184.png\" class=\"vc_single_image-img attachment-medium\" alt=\"SOHFest 2026 Festival Pass and Ticket Istanbul Mobilet\" title=\"SOHFest 2026 Festival Pass and Ticket Istanbul Mobilet\" srcset=\"https:\/\/sohfest.com\/wp-content\/uploads\/2024\/02\/Mobilet-5-559x184.png 559w, https:\/\/sohfest.com\/wp-content\/uploads\/2024\/02\/Mobilet-5-1024x338.png 1024w, https:\/\/sohfest.com\/wp-content\/uploads\/2024\/02\/Mobilet-5-768x253.png 768w, https:\/\/sohfest.com\/wp-content\/uploads\/2024\/02\/Mobilet-5-1536x506.png 1536w, https:\/\/sohfest.com\/wp-content\/uploads\/2024\/02\/Mobilet-5-2048x675.png 2048w, https:\/\/sohfest.com\/wp-content\/uploads\/2024\/02\/Mobilet-5-e1774191005349.png 1093w\" sizes=\"auto, (max-width: 559px) 100vw, 559px\" \/><\/a>\r\n\t\t<\/figure>\r\n\t<\/div>\r\n<div class=\"vc_empty_space\"   style=\"height: 15px\"><span class=\"vc_empty_space_inner\"><\/span><\/div>\r\n\t<div class=\"wpb_single_image wpb_content_element vc_align_center\">\r\n\t\t\r\n\t\t<figure class=\"wpb_wrapper vc_figure\">\r\n\t\t\t<a href=\"https:\/\/www.biletix.com\/etkinlik-grup\/529584432\/ISTANBUL\/tr\/show-of-hands-dogaclama-muzik-festivali\" target=\"_blank\" class=\"vc_single_image-wrapper 0   vc_box_border_grey\" rel=\"noopener\"><img loading=\"lazy\" decoding=\"async\" width=\"559\" height=\"184\" src=\"https:\/\/sohfest.com\/wp-content\/uploads\/2026\/03\/Biletix-Emblem-button-559x184.png\" class=\"vc_single_image-img attachment-medium\" alt=\"SOHFest 2026 Festival Pass and Ticket Istanbul Biletix\" title=\"SOHFest 2026 Festival Pass and Ticket Istanbul Biletix\" srcset=\"https:\/\/sohfest.com\/wp-content\/uploads\/2026\/03\/Biletix-Emblem-button-559x184.png 559w, https:\/\/sohfest.com\/wp-content\/uploads\/2026\/03\/Biletix-Emblem-button-1024x338.png 1024w, https:\/\/sohfest.com\/wp-content\/uploads\/2026\/03\/Biletix-Emblem-button-768x253.png 768w, https:\/\/sohfest.com\/wp-content\/uploads\/2026\/03\/Biletix-Emblem-button-1536x506.png 1536w, https:\/\/sohfest.com\/wp-content\/uploads\/2026\/03\/Biletix-Emblem-button-2048x675.png 2048w, https:\/\/sohfest.com\/wp-content\/uploads\/2026\/03\/Biletix-Emblem-button-18x6.png 18w, https:\/\/sohfest.com\/wp-content\/uploads\/2026\/03\/Biletix-Emblem-button-70x23.png 70w, https:\/\/sohfest.com\/wp-content\/uploads\/2026\/03\/Biletix-Emblem-button-83x27.png 83w, https:\/\/sohfest.com\/wp-content\/uploads\/2026\/03\/Biletix-Emblem-button-63x21.png 63w, https:\/\/sohfest.com\/wp-content\/uploads\/2026\/03\/Biletix-Emblem-button-e1774191906397.png 1093w\" sizes=\"auto, (max-width: 559px) 100vw, 559px\" \/><\/a>\r\n\t\t<\/figure>\r\n\t<\/div>\r\n<\/div><\/div><\/div><div class=\"wpb_column vc_column_container vc_col-sm-2\"><div class=\"vc_column-inner\"><div class=\"wpb_wrapper\"><div class=\"vc_empty_space\"   style=\"height: 30px\"><span class=\"vc_empty_space_inner\"><\/span><\/div><\/div><\/div><\/div><\/div><div class=\"vc_empty_space\"   style=\"height: 20px\"><span class=\"vc_empty_space_inner\"><\/span><\/div>\n\t<div class=\"wpb_text_column wpb_content_element text-list\" >\n\t\t<div class=\"wpb_wrapper\">\n\t\t\t<p><strong>Etkinlik Kurallar\u0131<\/strong><\/p>\n<ul>\n<li>Her ak\u015fam ilk konser tam saat 20:00'de, ikinci konser ise tam saat 21:30'da ba\u015flayacakt\u0131r.<\/li>\n<li>\u0130ki konser aras\u0131nda 30-45 dakikal\u0131k bir ara verilecektir.<\/li>\n<li>Kat\u0131l\u0131mc\u0131lar\u0131n, her etkinli\u011fin ba\u015flang\u0131c\u0131ndan en ge\u00e7 15 dakika \u00f6nce giri\u015fte haz\u0131r bulunmalar\u0131 gerekmektedir.<\/li>\n<li>Konser ba\u015flad\u0131ktan sonra salona giri\u015f m\u00fcmk\u00fcn de\u011fildir. Ge\u00e7 kalanlar, ikinci konser i\u00e7in aray\u0131 beklemek zorundad\u0131r.<\/li>\n<li>Festival Kart\u0131 sat\u0131n alan kat\u0131l\u0131mc\u0131lar \u00f6deme sonras\u0131 bir kupon alacaklard\u0131r. Fiziksel Festival Kart\u0131, 22 Nisan saat 14:30\u2019dan itibaren Arter\u2019deki Festival Masas\u0131nda teslim edilecektir. L\u00fctfen kuponunuzu ve kimli\u011finizi g\u00f6revli personele g\u00f6stererek Festival Kart\u0131n\u0131z\u0131 teslim al\u0131n.<span class=\"Apple-converted-space\">\u00a0<\/span><\/li>\n<li>7 ya\u015f alt\u0131 \u00e7ocuklar etkinliklere kabul edilmemektedir.<\/li>\n<li>Etkinlik alan\u0131 giri\u015finde g\u00fcvenlik kap\u0131lar\u0131 ve \u00e7anta aramalar\u0131 yap\u0131lacakt\u0131r.<\/li>\n<li>Biletiniz veya Festival Kart\u0131n\u0131z, belirlenen saatlerde etkinlik alan\u0131na giri\u015f hakk\u0131 tan\u0131r. Kaybedilmesi durumunda etkinli\u011fe kat\u0131l\u0131m hakk\u0131n\u0131z\u0131 kaybedersiniz. Organizat\u00f6r ve Mobilet, kay\u0131p biletlerden ve kartlardan sorumlu de\u011fildir.<\/li>\n<li>Sahte veya ge\u00e7ersiz bilet sahipleri etkinli\u011fe al\u0131nmayacakt\u0131r. L\u00fctfen yetkisiz platformlar\u0131n ilanlar\u0131na itibar etmeyin.<\/li>\n<li>Festivalin t\u00fcm etkinlikleri kay\u0131t alt\u0131na al\u0131nacakt\u0131r. T\u00fcm g\u00f6rsel ve i\u015fitsel materyaller, Show of Hands taraf\u0131ndan d\u00fcnya \u00e7ap\u0131nda her t\u00fcrl\u00fc ama\u00e7la, ticari kullan\u0131m da dahil olmak \u00fczere (\u00f6rne\u011fin promosyonlar veya videolar), size herhangi bir \u00f6deme veya telif \u00fccreti olmaks\u0131z\u0131n kullan\u0131labilir.<\/li>\n<\/ul>\n\n\t\t<\/div>\n\t<\/div>\n<div class=\"vc_empty_space\"   style=\"height: 32px\"><span class=\"vc_empty_space_inner\"><\/span><\/div><\/div><\/div><\/div><div class=\"wpb_column vc_column_container vc_col-sm-1\"><div class=\"vc_column-inner\"><div class=\"wpb_wrapper\"><\/div><\/div><\/div><\/div><div class=\"vc_row-full-width vc_clearfix\"><\/div>\n<\/div>","protected":false},"excerpt":{"rendered":"Dear SoHFestian If you want to join and attend our events you can either purchase Full Night Ticket or a Festival Pass. A Full Night Ticket means you can attend both concerts on that certain day. By obtaining a Festival Pass you have access to all concerts and also free admission to other events throughout the festival such as the Film Screening, Workshops or Discussion Panels with no need to subscribe in advance. Ticket and Pass holders can also freely [...]","protected":false},"author":1,"featured_media":0,"parent":0,"menu_order":0,"comment_status":"closed","ping_status":"closed","template":"","meta":{"footnotes":""},"class_list":["post-2773","page","type-page","status-publish","hentry"],"_links":{"self":[{"href":"https:\/\/sohfest.com\/tr\/wp-json\/wp\/v2\/pages\/2773","targetHints":{"allow":["GET"]}}],"collection":[{"href":"https:\/\/sohfest.com\/tr\/wp-json\/wp\/v2\/pages"}],"about":[{"href":"https:\/\/sohfest.com\/tr\/wp-json\/wp\/v2\/types\/page"}],"author":[{"embeddable":true,"href":"https:\/\/sohfest.com\/tr\/wp-json\/wp\/v2\/users\/1"}],"replies":[{"embeddable":true,"href":"https:\/\/sohfest.com\/tr\/wp-json\/wp\/v2\/comments?post=2773"}],"version-history":[{"count":98,"href":"https:\/\/sohfest.com\/tr\/wp-json\/wp\/v2\/pages\/2773\/revisions"}],"predecessor-version":[{"id":6972,"href":"https:\/\/sohfest.com\/tr\/wp-json\/wp\/v2\/pages\/2773\/revisions\/6972"}],"wp:attachment":[{"href":"https:\/\/sohfest.com\/tr\/wp-json\/wp\/v2\/media?parent=2773"}],"curies":[{"name":"wp","href":"https:\/\/api.w.org\/{rel}","templated":true}]}}