{"id":2766,"date":"2023-01-17T16:14:54","date_gmt":"2023-01-17T12:44:54","guid":{"rendered":"https:\/\/www.sohfest.com\/?page_id=2766"},"modified":"2023-08-08T21:43:53","modified_gmt":"2023-08-08T18:13:53","slug":"sohfest-terms","status":"publish","type":"page","link":"https:\/\/sohfest.com\/tr\/sohfest-terms\/","title":{"rendered":"Ko\u015fullar ve \u015eartlar"},"content":{"rendered":"<div class=\"wpb-content-wrapper\"><div data-vc-full-width=\"true\" data-vc-full-width-init=\"false\" class=\"vc_row wpb_row vc_row-fluid vc_column-gap-25\"><div class=\"wpb_column vc_column_container vc_col-sm-2\"><div class=\"vc_column-inner\"><div class=\"wpb_wrapper\"><\/div><\/div><\/div><div class=\"wpb_column vc_column_container vc_col-sm-8\"><div class=\"vc_column-inner\"><div class=\"wpb_wrapper\">\n\t<div class=\"wpb_text_column wpb_content_element text-justify\" >\n\t\t<div class=\"wpb_wrapper\">\n\t\t\t<h2 style=\"text-align: left;\"><strong>SoH Fest Ko\u015fullar\u0131<\/strong><\/h2>\n<p>Show of Hands Festivali \u2013 bu metinde k\u0131saca \u201cSoHFest\u201d olarak an\u0131lacakt\u0131r \u2013 ki\u015fisel verilerin korunmas\u0131na \u00f6nem verir ve bu verilerin Genel Veri Koruma Y\u00f6netmeli\u011fi (GDPR) ile uyumlu en \u00fcst d\u00fczeyde korunmas\u0131n\u0131 taahh\u00fct eder.<\/p>\n<h2><strong>Ki\u015fisel verilerinizden kim sorumludur ve bu veriler nas\u0131l toplan\u0131r?<\/strong><\/h2>\n<p>SoHFest, SoHFest biletleri, yaka kartlar\u0131 veya \u00fcr\u00fcnleri sat\u0131n al\u0131rken, e-posta yoluyla bizimle ileti\u015fime ge\u00e7ti\u011finizde, web sitemizdeki formlar\u0131 doldurdu\u011funuzda, telefon veya sosyal medya platformlar\u0131 \u00fczerinden bizimle temas kurdu\u011funuzda bize ya da resmi \u00fc\u00e7\u00fcnc\u00fc taraf hizmet sa\u011flay\u0131c\u0131lar\u0131m\u0131za (\u00f6rne\u011fin bilet sat\u0131\u015f platformu) iletti\u011finiz ki\u015fisel verilerin denetleyicisidir ve bu verilere Ki\u015fisel Verilerin Korunmas\u0131 Kanunu \u00e7er\u00e7evesinde sorumlulukla yakla\u015f\u0131r.<\/p>\n<h2><strong>Ki\u015fisel verileriniz nerede saklan\u0131r?<\/strong><\/h2>\n<p>Toplanan bilgiler, sizin a\u00e7\u0131k r\u0131zan\u0131z do\u011frultusunda sizinle ileti\u015fime ge\u00e7mek ve sizi bilgilendirmek amac\u0131yla SoHFest veya SoHFest\u2019in \u00fc\u00e7\u00fcnc\u00fc taraf BT hizmet sa\u011flay\u0131c\u0131lar\u0131 taraf\u0131ndan dijital ortamda kaydedilir.<\/p>\n<h2><strong>Hangi t\u00fcr ki\u015fisel verileri topluyoruz?<\/strong><\/h2>\n<p>Bize iletti\u011finiz ki\u015fisel veriler aras\u0131nda ad, soyad, telefon numaras\u0131, e-posta adresi, adres, \u015fehir, posta kodu ve \u00fclke gibi ileti\u015fim bilgileri bulunur. Buna ek olarak, SoHFest \u00fczerinden yapt\u0131\u011f\u0131n\u0131z sat\u0131n al\u0131mlara ili\u015fkin belirli \u00f6deme verileri de saklanmaktad\u0131r.<br \/>\nOn request and depending on any technical constraint(s), your data may be deleted (or at least anonymised).<\/p>\n<h2><strong>Ki\u015fisel verilerinize kimler eri\u015febilir?<\/strong><\/h2>\n<p>Toplanan veriler yaln\u0131zca SoHFest ve SoHFest Organizasyonu kapsam\u0131ndaki faaliyetlerde kullan\u0131lmak \u00fczere i\u015flenir. Ayr\u0131ca, etkinliklerde belirli hizmetleri sa\u011flayan SoHFest\u2019in ortak organizat\u00f6rleri veya etkinlik partnerleri ile de payla\u015f\u0131labilir.\nBu veriler, SoHFest taraf\u0131ndan hizmetlerin ve sipari\u015flerin y\u00fcr\u00fct\u00fclmesi, y\u00f6netimi, i\u015flenmesi ve \u00f6demelerin ger\u00e7ekle\u015ftirilmesi amac\u0131yla i\u015f birli\u011fi yap\u0131lan ta\u015feron firmalar ile payla\u015f\u0131labilir.<br \/>\nNo marketing of this information is carried out.<\/p>\n\n\t\t<\/div>\n\t<\/div>\n<\/div><\/div><\/div><div class=\"wpb_column vc_column_container vc_col-sm-2\"><div class=\"vc_column-inner\"><div class=\"wpb_wrapper\"><\/div><\/div><\/div><\/div><div class=\"vc_row-full-width vc_clearfix\"><\/div>\n<\/div>","protected":false},"excerpt":{"rendered":"SoH Fest Terms Show of Hands Festival - here called \u201cSoHFest\u201d - is concerned about the protection of personal data, and undertakes to ensure the best level of protection in accordance with the General Data Protection Regulations. Who is responsible for your personal data and how do we collect it? SoHFest controls the personal data that you submit to us or official third party contractors (such as the Ticket Sales platform) while making payments to purchase SoHFest tickets, badges or [...]","protected":false},"author":1,"featured_media":0,"parent":0,"menu_order":0,"comment_status":"closed","ping_status":"closed","template":"","meta":{"footnotes":""},"class_list":["post-2766","page","type-page","status-publish","hentry"],"_links":{"self":[{"href":"https:\/\/sohfest.com\/tr\/wp-json\/wp\/v2\/pages\/2766","targetHints":{"allow":["GET"]}}],"collection":[{"href":"https:\/\/sohfest.com\/tr\/wp-json\/wp\/v2\/pages"}],"about":[{"href":"https:\/\/sohfest.com\/tr\/wp-json\/wp\/v2\/types\/page"}],"author":[{"embeddable":true,"href":"https:\/\/sohfest.com\/tr\/wp-json\/wp\/v2\/users\/1"}],"replies":[{"embeddable":true,"href":"https:\/\/sohfest.com\/tr\/wp-json\/wp\/v2\/comments?post=2766"}],"version-history":[{"count":19,"href":"https:\/\/sohfest.com\/tr\/wp-json\/wp\/v2\/pages\/2766\/revisions"}],"predecessor-version":[{"id":2902,"href":"https:\/\/sohfest.com\/tr\/wp-json\/wp\/v2\/pages\/2766\/revisions\/2902"}],"wp:attachment":[{"href":"https:\/\/sohfest.com\/tr\/wp-json\/wp\/v2\/media?parent=2766"}],"curies":[{"name":"wp","href":"https:\/\/api.w.org\/{rel}","templated":true}]}}