{"id":2764,"date":"2023-01-17T16:14:18","date_gmt":"2023-01-17T12:44:18","guid":{"rendered":"https:\/\/www.sohfest.com\/?page_id=2764"},"modified":"2026-03-22T21:13:55","modified_gmt":"2026-03-22T17:43:55","slug":"apply-to-perform-sohfest","status":"publish","type":"page","link":"https:\/\/sohfest.com\/tr\/apply-to-perform-sohfest\/","title":{"rendered":"SoHFest Sanat\u00e7\u0131s\u0131 Ol"},"content":{"rendered":"<div class=\"wpb-content-wrapper\"><div data-vc-full-width=\"true\" data-vc-full-width-init=\"false\" data-vc-stretch-content=\"true\" class=\"vc_row wpb_row vc_row-fluid vc_column-gap-25\"><div class=\"wpb_column vc_column_container vc_col-sm-4\"><div class=\"vc_column-inner\"><div class=\"wpb_wrapper\">\n\t<div class=\"wpb_text_column wpb_content_element text-justify\" >\n\t\t<div class=\"wpb_wrapper\">\n\t\t\t<p>Ba\u015fvurular, gerekli belgelerle birlikte belirtilen adrese e-posta yoluyla iletilmelidir \u2013 <a href=\"mailto:info@sohfest.com\">e-mailed<\/a> biyografi, foto\u011fraf, ileti\u015fim bilgileri ile YouTube ve dijital m\u00fczik platformlar\u0131na ait ba\u011flant\u0131lar\u0131 i\u00e7eren bir dosyay\u0131 (PDF format\u0131nda \u2013 en fazla 3 sayfa) Haberler b\u00f6l\u00fcm\u00fcm\u00fczde ilan edilen son tarihten \u00f6nce g\u00f6nderiniz.<\/p>\n<p>Belirtilenden fazla materyal g\u00f6ndermemeye \u00f6zen g\u00f6steriniz. Se\u00e7ici kurul, ba\u015fvurunuzu ald\u0131ktan en ge\u00e7 iki ay sonra sizinle ileti\u015fime ge\u00e7ecek ve gerekli g\u00fcncellemeleri veya talimatlar\u0131 payla\u015facakt\u0131r. Takip mesajlar\u0131 g\u00f6ndermenize gerek yoktur. L\u00fctfen sab\u0131rl\u0131 olun!<\/p>\n\n\t\t<\/div>\n\t<\/div>\n<\/div><\/div><\/div><div class=\"wpb_column vc_column_container vc_col-sm-8\"><div class=\"vc_column-inner\"><div class=\"wpb_wrapper\">\r\n\t<div class=\"wpb_single_image wpb_content_element vc_align_center\">\r\n\t\t\r\n\t\t<figure class=\"wpb_wrapper vc_figure\">\r\n\t\t\t<a rel=\"prettyPhoto[rel-2764-862575390]\" href=\"https:\/\/sohfest.com\/wp-content\/uploads\/2023\/01\/Become-a-SoH-artist.jpg\" target=\"_self\" class=\"vc_single_image-wrapper 0   vc_box_border_grey prettyphoto\"><img loading=\"lazy\" decoding=\"async\" width=\"1000\" height=\"580\" src=\"https:\/\/sohfest.com\/wp-content\/uploads\/2023\/01\/Become-a-SoH-artist.jpg\" class=\"vc_single_image-img attachment-full\" alt=\"Apply to perform at SOHFest 2025 music festival in Istanbul.\" title=\"Become-a-SoH-artist\" srcset=\"https:\/\/sohfest.com\/wp-content\/uploads\/2023\/01\/Become-a-SoH-artist.jpg 1000w, https:\/\/sohfest.com\/wp-content\/uploads\/2023\/01\/Become-a-SoH-artist-559x324.jpg 559w, https:\/\/sohfest.com\/wp-content\/uploads\/2023\/01\/Become-a-SoH-artist-768x445.jpg 768w\" sizes=\"auto, (max-width: 1000px) 100vw, 1000px\" \/><\/a>\r\n\t\t<\/figure>\r\n\t<\/div>\r\n<\/div><\/div><\/div><\/div><div class=\"vc_row-full-width vc_clearfix\"><\/div>\n<\/div>","protected":false},"excerpt":{"rendered":"Applications shall be e-mailed and include biography, photo and contact information and links to Youtube and Streaming Platforms (PDF format - no more than 3 pages) prior to the deadline announced on our News. Please make sure you do not send more material than indicated. The selection committee will contact you no later than two months after receiving your application including further updates or instructions. No need to make follow ups. So be patient!","protected":false},"author":1,"featured_media":0,"parent":0,"menu_order":0,"comment_status":"closed","ping_status":"closed","template":"","meta":{"footnotes":""},"class_list":["post-2764","page","type-page","status-publish","hentry"],"_links":{"self":[{"href":"https:\/\/sohfest.com\/tr\/wp-json\/wp\/v2\/pages\/2764","targetHints":{"allow":["GET"]}}],"collection":[{"href":"https:\/\/sohfest.com\/tr\/wp-json\/wp\/v2\/pages"}],"about":[{"href":"https:\/\/sohfest.com\/tr\/wp-json\/wp\/v2\/types\/page"}],"author":[{"embeddable":true,"href":"https:\/\/sohfest.com\/tr\/wp-json\/wp\/v2\/users\/1"}],"replies":[{"embeddable":true,"href":"https:\/\/sohfest.com\/tr\/wp-json\/wp\/v2\/comments?post=2764"}],"version-history":[{"count":17,"href":"https:\/\/sohfest.com\/tr\/wp-json\/wp\/v2\/pages\/2764\/revisions"}],"predecessor-version":[{"id":6226,"href":"https:\/\/sohfest.com\/tr\/wp-json\/wp\/v2\/pages\/2764\/revisions\/6226"}],"wp:attachment":[{"href":"https:\/\/sohfest.com\/tr\/wp-json\/wp\/v2\/media?parent=2764"}],"curies":[{"name":"wp","href":"https:\/\/api.w.org\/{rel}","templated":true}]}}