{"id":2762,"date":"2023-01-17T16:13:51","date_gmt":"2023-01-17T12:43:51","guid":{"rendered":"https:\/\/www.sohfest.com\/?page_id=2762"},"modified":"2026-03-24T12:38:29","modified_gmt":"2026-03-24T09:08:29","slug":"sohfest-partners-sponsors","status":"publish","type":"page","link":"https:\/\/sohfest.com\/tr\/sohfest-partners-sponsors\/","title":{"rendered":"Destek\u00e7ilerimiz"},"content":{"rendered":"<div class=\"wpb-content-wrapper\"><div data-vc-full-width=\"true\" data-vc-full-width-init=\"false\" data-vc-stretch-content=\"true\" class=\"vc_row wpb_row vc_row-fluid vc_column-gap-25\"><div class=\"wpb_column vc_column_container vc_col-sm-2\"><div class=\"vc_column-inner\"><div class=\"wpb_wrapper\"><\/div><\/div><\/div><div class=\"wpb_column vc_column_container vc_col-sm-8\"><div class=\"vc_column-inner\"><div class=\"wpb_wrapper\">\n\t<div class=\"wpb_text_column wpb_content_element text-justify\" >\n\t\t<div class=\"wpb_wrapper\">\n\t\t\t<p>SoHFest, bize inanan t\u00fcm partnerlerimizin ve dostlar\u0131m\u0131z\u0131n, \u00f6zellikle de bu son edisyonda da yan\u0131m\u0131zda olanlar\u0131n deste\u011fini almaktan b\u00fcy\u00fck onur ve mutluluk duymaktad\u0131r.<\/p>\n<h2><strong>Partner Olun<\/strong><\/h2>\n<p>Bu toplulu\u011fun varl\u0131\u011f\u0131n\u0131 s\u00fcrd\u00fcrebilmesi i\u00e7in SoHFest, gelecekteki edisyonlarda deste\u011finizi i\u00e7tenlikle memnuniyetle kar\u015f\u0131lar!\nKalbiniz Show of Hands i\u00e7in at\u0131yorsa, bi\u00e7imi ya da \u00f6l\u00e7e\u011fi ne olursa olsun her t\u00fcrl\u00fc katk\u0131n\u0131z bizim i\u00e7in \u00e7ok de\u011ferlidir\u2026<\/p>\n<p>L\u00fctfen bizimle <a href=\"mailto:info@sohfest.com\">ileti\u015fime ge\u00e7in<\/a> ve harekete ge\u00e7elim!<\/p>\n\n\t\t<\/div>\n\t<\/div>\n<\/div><\/div><\/div><div class=\"wpb_column vc_column_container vc_col-sm-2\"><div class=\"vc_column-inner\"><div class=\"wpb_wrapper\"><\/div><\/div><\/div><\/div><div class=\"vc_row-full-width vc_clearfix\"><\/div><div data-vc-full-width=\"true\" data-vc-full-width-init=\"false\" data-vc-stretch-content=\"true\" class=\"vc_row wpb_row vc_row-fluid vc_column-gap-25\"><div class=\"wpb_column vc_column_container vc_col-sm-2\"><div class=\"vc_column-inner\"><div class=\"wpb_wrapper\"><\/div><\/div><\/div><div class=\"wpb_column vc_column_container vc_col-sm-8\"><div class=\"vc_column-inner\"><div class=\"wpb_wrapper\"><div class=\"vc_row wpb_row vc_inner vc_row-fluid grey-box-partners\"><div class=\"wpb_column vc_column_container vc_col-sm-3\"><div class=\"vc_column-inner\"><div class=\"wpb_wrapper\">\n\t<div class=\"wpb_text_column wpb_content_element grey-box-partners-title\" >\n\t\t<div class=\"wpb_wrapper\">\n\t\t\t<p>Son Edisyon<\/p>\n\n\t\t<\/div>\n\t<\/div>\n<\/div><\/div><\/div><div class=\"wpb_column vc_column_container vc_col-sm-9\"><div class=\"vc_column-inner\"><div class=\"wpb_wrapper\">\n\t<div class=\"wpb_text_column wpb_content_element\" >\n\t\t<div class=\"wpb_wrapper\">\n\t\t\t<p><img loading=\"lazy\" decoding=\"async\" class=\"alignnone wp-image-7007\" src=\"https:\/\/sohfest.com\/wp-content\/uploads\/2026\/03\/SOHFest.com-2026-Partners-Page.001-scaled-e1774342226101.jpeg\" alt=\"Join the SOHFest 2026 Community | Music Enthusiasts &amp; Artists\" width=\"1063\" height=\"177\" srcset=\"https:\/\/sohfest.com\/wp-content\/uploads\/2026\/03\/SOHFest.com-2026-Partners-Page.001-scaled-e1774342226101.jpeg 2223w, https:\/\/sohfest.com\/wp-content\/uploads\/2026\/03\/SOHFest.com-2026-Partners-Page.001-scaled-e1774342226101-559x93.jpeg 559w, https:\/\/sohfest.com\/wp-content\/uploads\/2026\/03\/SOHFest.com-2026-Partners-Page.001-scaled-e1774342226101-1024x170.jpeg 1024w, https:\/\/sohfest.com\/wp-content\/uploads\/2026\/03\/SOHFest.com-2026-Partners-Page.001-scaled-e1774342226101-768x128.jpeg 768w, https:\/\/sohfest.com\/wp-content\/uploads\/2026\/03\/SOHFest.com-2026-Partners-Page.001-scaled-e1774342226101-1536x256.jpeg 1536w, https:\/\/sohfest.com\/wp-content\/uploads\/2026\/03\/SOHFest.com-2026-Partners-Page.001-scaled-e1774342226101-2048x341.jpeg 2048w, https:\/\/sohfest.com\/wp-content\/uploads\/2026\/03\/SOHFest.com-2026-Partners-Page.001-scaled-e1774342226101-18x3.jpeg 18w, https:\/\/sohfest.com\/wp-content\/uploads\/2026\/03\/SOHFest.com-2026-Partners-Page.001-scaled-e1774342226101-70x12.jpeg 70w, https:\/\/sohfest.com\/wp-content\/uploads\/2026\/03\/SOHFest.com-2026-Partners-Page.001-scaled-e1774342226101-83x14.jpeg 83w, https:\/\/sohfest.com\/wp-content\/uploads\/2026\/03\/SOHFest.com-2026-Partners-Page.001-scaled-e1774342226101-63x10.jpeg 63w\" sizes=\"auto, (max-width: 1063px) 100vw, 1063px\" \/><\/p>\n\n\t\t<\/div>\n\t<\/div>\n<\/div><\/div><\/div><\/div><\/div><\/div><\/div><div class=\"wpb_column vc_column_container vc_col-sm-2\"><div class=\"vc_column-inner\"><div class=\"wpb_wrapper\"><\/div><\/div><\/div><\/div><div class=\"vc_row-full-width vc_clearfix\"><\/div><div data-vc-full-width=\"true\" data-vc-full-width-init=\"false\" data-vc-stretch-content=\"true\" class=\"vc_row wpb_row vc_row-fluid vc_column-gap-25\"><div class=\"wpb_column vc_column_container vc_col-sm-2\"><div class=\"vc_column-inner\"><div class=\"wpb_wrapper\"><\/div><\/div><\/div><div class=\"wpb_column vc_column_container vc_col-sm-8\"><div class=\"vc_column-inner\"><div class=\"wpb_wrapper\"><div class=\"vc_row wpb_row vc_inner vc_row-fluid grey-box-partners\"><div class=\"wpb_column vc_column_container vc_col-sm-3\"><div class=\"vc_column-inner\"><div class=\"wpb_wrapper\">\n\t<div class=\"wpb_text_column wpb_content_element grey-box-partners-title\" >\n\t\t<div class=\"wpb_wrapper\">\n\t\t\t<p class=\"p1\">\u00d6nceki Edisyonlar<span class=\"Apple-converted-space\">\u00a0<\/span><\/p>\n\n\t\t<\/div>\n\t<\/div>\n<\/div><\/div><\/div><div class=\"wpb_column vc_column_container vc_col-sm-9\"><div class=\"vc_column-inner\"><div class=\"wpb_wrapper\">\n\t<div class=\"wpb_text_column wpb_content_element\" >\n\t\t<div class=\"wpb_wrapper\">\n\t\t\t<p class=\"p1\">Adam Mickiewicz Institute<br data-start=\"107\" data-end=\"110\" \/>Air France<br data-start=\"120\" data-end=\"123\" \/>Austrian Cultural Forum<br data-start=\"146\" data-end=\"149\" \/>Centre de Langue Fran\u00e7aise<br data-start=\"175\" data-end=\"178\" \/>City St George&#8217;s, University of London<br data-start=\"216\" data-end=\"219\" \/>Embassy of the Federal Republic of Germany<br data-start=\"261\" data-end=\"264\" data-is-only-node=\"\" \/>Embassy of the French Republic<br data-start=\"294\" data-end=\"297\" \/>Embassy of the Italian Republic<br data-start=\"328\" data-end=\"331\" \/>Embassy of the Kingdom of Norway<br data-start=\"363\" data-end=\"366\" \/>Embassy of the Kingdom of Sweden<br data-start=\"398\" data-end=\"401\" \/>Embassy of the Kingdom of the Netherlands<br data-start=\"442\" data-end=\"445\" \/>Embassy of the Republic of Poland<br data-start=\"478\" data-end=\"481\" \/>Embassy of the Swiss Confederation<br data-start=\"515\" data-end=\"518\" \/>Eresin Hotel<br data-start=\"530\" data-end=\"533\" \/>Fujitec<br data-start=\"540\" data-end=\"543\" \/>Jotun<br data-start=\"548\" data-end=\"551\" \/>KLM<br data-start=\"554\" data-end=\"557\" \/>Loft<br data-start=\"561\" data-end=\"564\" \/>Matrix<br data-start=\"570\" data-end=\"573\" \/>Nescaf\u00e9<br data-start=\"580\" data-end=\"583\" \/>Nikan Mammut Charity<br data-start=\"603\" data-end=\"606\" \/>Opus3a<br data-start=\"612\" data-end=\"615\" \/>Sports TV<br data-start=\"624\" data-end=\"627\" \/>Sunich<br data-start=\"633\" data-end=\"636\" \/>The Stay Nisantasi Hotel<br data-start=\"660\" data-end=\"663\" \/>Turkish Airlines<br data-start=\"679\" data-end=\"682\" \/>Xiroco<\/p>\n\n\t\t<\/div>\n\t<\/div>\n<\/div><\/div><\/div><\/div><div class=\"vc_empty_space\"   style=\"height: 35px\"><span class=\"vc_empty_space_inner\"><\/span><\/div><\/div><\/div><\/div><div class=\"wpb_column vc_column_container vc_col-sm-2\"><div class=\"vc_column-inner\"><div class=\"wpb_wrapper\"><\/div><\/div><\/div><\/div><div class=\"vc_row-full-width vc_clearfix\"><\/div>\n<\/div>","protected":false},"excerpt":{"rendered":"SoHFest is deeply honored and privileged being supported by all its partners and friends who had faith in us, especially those who were with us also on this latest edition. Become a Partner To keep this community running, SoHFest warmly welcomes your support on our future editions! We appreciate any contribution in any scale or format, as long as your heart beats for Show of Hands\u2026 Please contact us to start rolling! Latest edition Previous editions\u00a0 Adam Mickiewicz InstituteAir FranceAustrian [...]","protected":false},"author":1,"featured_media":0,"parent":0,"menu_order":0,"comment_status":"closed","ping_status":"closed","template":"","meta":{"footnotes":""},"class_list":["post-2762","page","type-page","status-publish","hentry"],"_links":{"self":[{"href":"https:\/\/sohfest.com\/tr\/wp-json\/wp\/v2\/pages\/2762","targetHints":{"allow":["GET"]}}],"collection":[{"href":"https:\/\/sohfest.com\/tr\/wp-json\/wp\/v2\/pages"}],"about":[{"href":"https:\/\/sohfest.com\/tr\/wp-json\/wp\/v2\/types\/page"}],"author":[{"embeddable":true,"href":"https:\/\/sohfest.com\/tr\/wp-json\/wp\/v2\/users\/1"}],"replies":[{"embeddable":true,"href":"https:\/\/sohfest.com\/tr\/wp-json\/wp\/v2\/comments?post=2762"}],"version-history":[{"count":65,"href":"https:\/\/sohfest.com\/tr\/wp-json\/wp\/v2\/pages\/2762\/revisions"}],"predecessor-version":[{"id":7009,"href":"https:\/\/sohfest.com\/tr\/wp-json\/wp\/v2\/pages\/2762\/revisions\/7009"}],"wp:attachment":[{"href":"https:\/\/sohfest.com\/tr\/wp-json\/wp\/v2\/media?parent=2762"}],"curies":[{"name":"wp","href":"https:\/\/api.w.org\/{rel}","templated":true}]}}