{"id":1886,"date":"2017-05-30T16:03:54","date_gmt":"2017-05-30T12:33:54","guid":{"rendered":"https:\/\/www.sohfest.com\/?page_id=1886"},"modified":"2026-03-22T18:40:48","modified_gmt":"2026-03-22T15:10:48","slug":"sohfest-editions","status":"publish","type":"page","link":"https:\/\/sohfest.com\/tr\/sohfest-editions\/","title":{"rendered":"Festivaller"},"content":{"rendered":"<div class=\"wpb-content-wrapper\"><div data-vc-full-width=\"true\" data-vc-full-width-init=\"false\" class=\"vc_row wpb_row vc_row-fluid vc_custom_1673982854774 vc_row-has-fill\"><div class=\"wpb_column vc_column_container vc_col-sm-12\"><div class=\"vc_column-inner\"><div class=\"wpb_wrapper\">\r\n\t<div class=\"wpb_single_image wpb_content_element vc_align_center   figure-no-pad\">\r\n\t\t\r\n\t\t<figure class=\"wpb_wrapper vc_figure\">\r\n\t\t\t<div class=\"vc_single_image-wrapper 0   vc_box_border_grey\"><img decoding=\"async\" class=\"vc_single_image-img\" src=\"https:\/\/sohfest.com\/wp-content\/uploads\/2026\/03\/SOHFEST.com-2026-Slider-Banner-Slide-2880x500-EN-2.001-scaled-2000x349.jpeg\" width=\"2000\" height=\"349\" alt=\"SOHFest 2026 solo and duo improvisation festival edition.\" title=\"SOHFest 2026 solo and duo improvisation festival edition.\" loading=\"lazy\" \/><\/div>\r\n\t\t<\/figure>\r\n\t<\/div>\r\n<\/div><\/div><\/div><\/div><div class=\"vc_row-full-width vc_clearfix\"><\/div><div data-vc-full-width=\"true\" data-vc-full-width-init=\"false\" data-vc-stretch-content=\"true\" class=\"vc_row wpb_row vc_row-fluid vc_custom_1675201873471\"><div class=\"wpb_column vc_column_container vc_col-sm-5\"><div class=\"vc_column-inner\"><div class=\"wpb_wrapper\"><div class=\"vc_empty_space\"   style=\"height: 20px\"><span class=\"vc_empty_space_inner\"><\/span><\/div><h2 style=\"font-size: 30px;text-align: center\" class=\"vc_custom_heading\">Son Edisyon<\/h2><div class=\"vc_row wpb_row vc_inner vc_row-fluid edition-row\"><div class=\"wpb_column vc_column_container vc_col-sm-2\"><div class=\"vc_column-inner\"><div class=\"wpb_wrapper\">\n\t<div class=\"wpb_text_column wpb_content_element edition-text\" >\n\t\t<div class=\"wpb_wrapper\">\n\t\t\t<p>2026<\/p>\n\n\t\t<\/div>\n\t<\/div>\n<\/div><\/div><\/div><div class=\"wpb_column vc_column_container vc_col-sm-5\"><div class=\"vc_column-inner\"><div class=\"wpb_wrapper\">\n\t<div class=\"wpb_text_column wpb_content_element edition-text\" >\n\t\t<div class=\"wpb_wrapper\">\n\t\t\t<p>Solo ve Duo Do\u011fa\u00e7lamalar\u0131<\/p>\n\n\t\t<\/div>\n\t<\/div>\n<\/div><\/div><\/div><div class=\"wpb_column vc_column_container vc_col-sm-2\"><div class=\"vc_column-inner\"><div class=\"wpb_wrapper\"><div class=\"vc_btn3-container  button-general vc_btn3-right\">\r\n\t<a style=\"background-color:#ffffff; color:#1eabe3;\" class=\"vc_general vc_btn3 vc_btn3-size-sm vc_btn3-shape-square vc_btn3-style-custom\" href=\"https:\/\/sohfest.com\/tr\/sohfest-2026-tickets-festival-pass\/\" title=\"Buy SoHFest2026 Ticket\">Bilet<\/a><\/div>\r\n<\/div><\/div><\/div><div class=\"wpb_column vc_column_container vc_col-sm-3\"><div class=\"vc_column-inner\"><div class=\"wpb_wrapper\"><div class=\"vc_btn3-container  button-general vc_btn3-right\">\r\n\t<a style=\"background-color:#ffffff; color:#1eabe3;\" class=\"vc_general vc_btn3 vc_btn3-size-sm vc_btn3-shape-square vc_btn3-style-custom\" href=\"https:\/\/sohfest.com\/tr\/event\/sohfest-edition-2026solo-duo-improvisation\/\" title=\"SoHFest2026: Solo &amp; Duo Improvisation\">Etkinlik Detaylar\u0131<\/a><\/div>\r\n<\/div><\/div><\/div><\/div><h2 style=\"font-size: 30px;text-align: center\" class=\"vc_custom_heading vc_custom_1739216286845\">Ge\u00e7mi\u015f Edisyonlar<\/h2><div class=\"vc_row wpb_row vc_inner vc_row-fluid edition-row\"><div class=\"wpb_column vc_column_container vc_col-sm-2\"><div class=\"vc_column-inner\"><div class=\"wpb_wrapper\">\n\t<div class=\"wpb_text_column wpb_content_element edition-text\" >\n\t\t<div class=\"wpb_wrapper\">\n\t\t\t<p>2025<\/p>\n\n\t\t<\/div>\n\t<\/div>\n<\/div><\/div><\/div><div class=\"wpb_column vc_column_container vc_col-sm-5\"><div class=\"vc_column-inner\"><div class=\"wpb_wrapper\">\n\t<div class=\"wpb_text_column wpb_content_element edition-text\" >\n\t\t<div class=\"wpb_wrapper\">\n\t\t\t<p>Solo ve Duo Do\u011fa\u00e7lamalar\u0131<\/p>\n\n\t\t<\/div>\n\t<\/div>\n<\/div><\/div><\/div><div class=\"wpb_column vc_column_container vc_col-sm-5\"><div class=\"vc_column-inner\"><div class=\"wpb_wrapper\"><div class=\"vc_btn3-container  button-general vc_btn3-right\">\r\n\t<a style=\"background-color:#ffffff; color:#1eabe3;\" class=\"vc_general vc_btn3 vc_btn3-size-sm vc_btn3-shape-square vc_btn3-style-custom\" href=\"https:\/\/sohfest.com\/tr\/event\/sohfest-edition-2024soloandduo-improvisation\/\" title=\"SoHFest2025: Solo &amp; Duo Improvisation\">Etkinlik Detaylar\u0131<\/a><\/div>\r\n<\/div><\/div><\/div><\/div><div class=\"vc_row wpb_row vc_inner vc_row-fluid edition-row\"><div class=\"wpb_column vc_column_container vc_col-sm-2\"><div class=\"vc_column-inner\"><div class=\"wpb_wrapper\">\n\t<div class=\"wpb_text_column wpb_content_element edition-text\" >\n\t\t<div class=\"wpb_wrapper\">\n\t\t\t<p>2024<\/p>\n\n\t\t<\/div>\n\t<\/div>\n<\/div><\/div><\/div><div class=\"wpb_column vc_column_container vc_col-sm-5\"><div class=\"vc_column-inner\"><div class=\"wpb_wrapper\">\n\t<div class=\"wpb_text_column wpb_content_element edition-text\" >\n\t\t<div class=\"wpb_wrapper\">\n\t\t\t<p>Solo Do\u011fa\u00e7lama<\/p>\n\n\t\t<\/div>\n\t<\/div>\n<\/div><\/div><\/div><div class=\"wpb_column vc_column_container vc_col-sm-5\"><div class=\"vc_column-inner\"><div class=\"wpb_wrapper\"><div class=\"vc_btn3-container  button-general vc_btn3-right\">\r\n\t<a style=\"background-color:#ffffff; color:#1eabe3;\" class=\"vc_general vc_btn3 vc_btn3-size-sm vc_btn3-shape-square vc_btn3-style-custom\" href=\"https:\/\/sohfest.com\/tr\/event\/sohfest-edition-2024solo-improvisation\/\" title=\"SoHFest2024: Solo Improvisation\">Etkinlik Detaylar\u0131<\/a><\/div>\r\n<\/div><\/div><\/div><\/div><div class=\"vc_row wpb_row vc_inner vc_row-fluid edition-row\"><div class=\"wpb_column vc_column_container vc_col-sm-2\"><div class=\"vc_column-inner\"><div class=\"wpb_wrapper\">\n\t<div class=\"wpb_text_column wpb_content_element edition-text\" >\n\t\t<div class=\"wpb_wrapper\">\n\t\t\t<p>2023<\/p>\n\n\t\t<\/div>\n\t<\/div>\n<\/div><\/div><\/div><div class=\"wpb_column vc_column_container vc_col-sm-5\"><div class=\"vc_column-inner\"><div class=\"wpb_wrapper\">\n\t<div class=\"wpb_text_column wpb_content_element edition-text\" >\n\t\t<div class=\"wpb_wrapper\">\n\t\t\t<p>Solo Do\u011fa\u00e7lama<\/p>\n\n\t\t<\/div>\n\t<\/div>\n<\/div><\/div><\/div><div class=\"wpb_column vc_column_container vc_col-sm-5\"><div class=\"vc_column-inner\"><div class=\"wpb_wrapper\"><div class=\"vc_btn3-container  button-general vc_btn3-right\">\r\n\t<a style=\"background-color:#ffffff; color:#1eabe3;\" class=\"vc_general vc_btn3 vc_btn3-size-sm vc_btn3-shape-square vc_btn3-style-custom\" href=\"\/tr\/event\/sohfest-edition-2023-solo-improvisations\/\" title=\"SoHFest2023: Solo Improvisation\">Etkinlik Detaylar\u0131<\/a><\/div>\r\n<\/div><\/div><\/div><\/div><div class=\"vc_row wpb_row vc_inner vc_row-fluid edition-row\"><div class=\"wpb_column vc_column_container vc_col-sm-2\"><div class=\"vc_column-inner\"><div class=\"wpb_wrapper\">\n\t<div class=\"wpb_text_column wpb_content_element edition-text\" >\n\t\t<div class=\"wpb_wrapper\">\n\t\t\t<p>2019<\/p>\n\n\t\t<\/div>\n\t<\/div>\n<\/div><\/div><\/div><div class=\"wpb_column vc_column_container vc_col-sm-5\"><div class=\"vc_column-inner\"><div class=\"wpb_wrapper\">\n\t<div class=\"wpb_text_column wpb_content_element edition-text\" >\n\t\t<div class=\"wpb_wrapper\">\n\t\t\t<p>Solo Nefesli \u00c7alg\u0131lar<\/p>\n\n\t\t<\/div>\n\t<\/div>\n<\/div><\/div><\/div><div class=\"wpb_column vc_column_container vc_col-sm-5\"><div class=\"vc_column-inner\"><div class=\"wpb_wrapper\"><div class=\"vc_btn3-container  button-general vc_btn3-right\">\r\n\t<a style=\"background-color:#ffffff; color:#1eabe3;\" class=\"vc_general vc_btn3 vc_btn3-size-sm vc_btn3-shape-square vc_btn3-style-custom\" href=\"\/tr\/event\/sohfest-edition-2019-solo-woodwind-improvisations\/\" title=\"SoHFest2019: Solo Woodwind Improvisation\">Etkinlik Detaylar\u0131<\/a><\/div>\r\n<\/div><\/div><\/div><\/div><div class=\"vc_row wpb_row vc_inner vc_row-fluid edition-row\"><div class=\"wpb_column vc_column_container vc_col-sm-2\"><div class=\"vc_column-inner\"><div class=\"wpb_wrapper\">\n\t<div class=\"wpb_text_column wpb_content_element edition-text\" >\n\t\t<div class=\"wpb_wrapper\">\n\t\t\t<p>2018<\/p>\n\n\t\t<\/div>\n\t<\/div>\n<\/div><\/div><\/div><div class=\"wpb_column vc_column_container vc_col-sm-5\"><div class=\"vc_column-inner\"><div class=\"wpb_wrapper\">\n\t<div class=\"wpb_text_column wpb_content_element edition-text\" >\n\t\t<div class=\"wpb_wrapper\">\n\t\t\t<p>Solo Telli ve T\u0131ng\u0131rdatmal\u0131 \u00c7alg\u0131lar<\/p>\n\n\t\t<\/div>\n\t<\/div>\n<\/div><\/div><\/div><div class=\"wpb_column vc_column_container vc_col-sm-5\"><div class=\"vc_column-inner\"><div class=\"wpb_wrapper\"><div class=\"vc_btn3-container  button-general vc_btn3-right\">\r\n\t<a style=\"background-color:#ffffff; color:#1eabe3;\" class=\"vc_general vc_btn3 vc_btn3-size-sm vc_btn3-shape-square vc_btn3-style-custom\" href=\"\/tr\/event\/sohfest-edition-2018-pluck-and-strings-solo-improvisations\/\" title=\"SoHFest2018: Pluck and Strings Solo Improvisation\">Etkinlik Detaylar\u0131<\/a><\/div>\r\n<\/div><\/div><\/div><\/div><div class=\"vc_row wpb_row vc_inner vc_row-fluid edition-row\"><div class=\"wpb_column vc_column_container vc_col-sm-2\"><div class=\"vc_column-inner\"><div class=\"wpb_wrapper\">\n\t<div class=\"wpb_text_column wpb_content_element edition-text\" >\n\t\t<div class=\"wpb_wrapper\">\n\t\t\t<p>2017<\/p>\n\n\t\t<\/div>\n\t<\/div>\n<\/div><\/div><\/div><div class=\"wpb_column vc_column_container vc_col-sm-5\"><div class=\"vc_column-inner\"><div class=\"wpb_wrapper\">\n\t<div class=\"wpb_text_column wpb_content_element edition-text\" >\n\t\t<div class=\"wpb_wrapper\">\n\t\t\t<p>Solo Piyano<\/p>\n\n\t\t<\/div>\n\t<\/div>\n<\/div><\/div><\/div><div class=\"wpb_column vc_column_container vc_col-sm-5\"><div class=\"vc_column-inner\"><div class=\"wpb_wrapper\"><div class=\"vc_btn3-container  button-general vc_btn3-right\">\r\n\t<a style=\"background-color:#ffffff; color:#1eabe3;\" class=\"vc_general vc_btn3 vc_btn3-size-sm vc_btn3-shape-square vc_btn3-style-custom\" href=\"\/tr\/event\/sohfest-edition-2017-piano-improvisations\/\" title=\"SoHFest2017: Solo Piano Improvisation\">Etkinlik Detaylar\u0131<\/a><\/div>\r\n<\/div><\/div><\/div><\/div><\/div><\/div><\/div><div class=\"wpb_column vc_column_container vc_col-sm-7\"><div class=\"vc_column-inner\"><div class=\"wpb_wrapper\"><div class=\"vc_empty_space\"   style=\"height: 95px\"><span class=\"vc_empty_space_inner\"><\/span><\/div>\r\n\t<div class=\"wpb_single_image wpb_content_element vc_align_center\">\r\n\t\t\r\n\t\t<figure class=\"wpb_wrapper vc_figure\">\r\n\t\t\t<a rel=\"prettyPhoto[rel-1886-144637447]\" href=\"https:\/\/sohfest.com\/wp-content\/uploads\/2023\/02\/sohfest-Edition-MainPage.jpg\" target=\"_self\" class=\"vc_single_image-wrapper 0   vc_box_border_grey prettyphoto\"><img loading=\"lazy\" decoding=\"async\" width=\"1000\" height=\"600\" src=\"https:\/\/sohfest.com\/wp-content\/uploads\/2023\/02\/sohfest-Edition-MainPage.jpg\" class=\"vc_single_image-img attachment-full\" alt=\"SOHFest 2025 solo and duo improvisation festival edition.\" title=\"sohfest-Edition-MainPage\" srcset=\"https:\/\/sohfest.com\/wp-content\/uploads\/2023\/02\/sohfest-Edition-MainPage.jpg 1000w, https:\/\/sohfest.com\/wp-content\/uploads\/2023\/02\/sohfest-Edition-MainPage-559x335.jpg 559w, https:\/\/sohfest.com\/wp-content\/uploads\/2023\/02\/sohfest-Edition-MainPage-768x461.jpg 768w\" sizes=\"auto, (max-width: 1000px) 100vw, 1000px\" \/><\/a>\r\n\t\t<\/figure>\r\n\t<\/div>\r\n<\/div><\/div><\/div><\/div><div class=\"vc_row-full-width vc_clearfix\"><\/div>\n<\/div>","protected":false},"excerpt":{"rendered":"Latest Edition 2026 Solo &amp; Duo Improvisation Ticket Event Details Past Editions 2025 Solo &amp; Duo Improvisation Event Details 2024 Solo Improvisation Event Details 2023 Solo Improvisation Event Details 2019 Solo Woodwind Event Details 2018 Solo Pluck and Strings Event Details 2017 Solo Piano Event Details","protected":false},"author":1,"featured_media":0,"parent":0,"menu_order":0,"comment_status":"closed","ping_status":"closed","template":"","meta":{"footnotes":""},"class_list":["post-1886","page","type-page","status-publish","hentry"],"_links":{"self":[{"href":"https:\/\/sohfest.com\/tr\/wp-json\/wp\/v2\/pages\/1886","targetHints":{"allow":["GET"]}}],"collection":[{"href":"https:\/\/sohfest.com\/tr\/wp-json\/wp\/v2\/pages"}],"about":[{"href":"https:\/\/sohfest.com\/tr\/wp-json\/wp\/v2\/types\/page"}],"author":[{"embeddable":true,"href":"https:\/\/sohfest.com\/tr\/wp-json\/wp\/v2\/users\/1"}],"replies":[{"embeddable":true,"href":"https:\/\/sohfest.com\/tr\/wp-json\/wp\/v2\/comments?post=1886"}],"version-history":[{"count":133,"href":"https:\/\/sohfest.com\/tr\/wp-json\/wp\/v2\/pages\/1886\/revisions"}],"predecessor-version":[{"id":6974,"href":"https:\/\/sohfest.com\/tr\/wp-json\/wp\/v2\/pages\/1886\/revisions\/6974"}],"wp:attachment":[{"href":"https:\/\/sohfest.com\/tr\/wp-json\/wp\/v2\/media?parent=1886"}],"curies":[{"name":"wp","href":"https:\/\/api.w.org\/{rel}","templated":true}]}}