{"id":1681,"date":"2017-05-17T19:55:15","date_gmt":"2017-05-17T16:25:15","guid":{"rendered":"https:\/\/www.sohfest.com\/?page_id=1681"},"modified":"2026-03-26T17:55:41","modified_gmt":"2026-03-26T14:25:41","slug":"about-sohfest-improvised-music-festival","status":"publish","type":"page","link":"https:\/\/sohfest.com\/tr\/about-sohfest-improvised-music-festival\/","title":{"rendered":"Hakk\u0131nda"},"content":{"rendered":"<div class=\"wpb-content-wrapper\"><div data-vc-full-width=\"true\" data-vc-full-width-init=\"false\" class=\"vc_row wpb_row vc_row-fluid vc_custom_1675021025506\"><div class=\"wpb_column vc_column_container vc_col-sm-5\"><div class=\"vc_column-inner\"><div class=\"wpb_wrapper\"><div class=\"vc_empty_space  empty-remove\"   style=\"height: 230px\"><span class=\"vc_empty_space_inner\"><\/span><\/div><div class=\"vc_row wpb_row vc_inner vc_row-fluid\"><div class=\"wpb_column vc_column_container vc_col-sm-4\"><div class=\"vc_column-inner\"><div class=\"wpb_wrapper\">\r\n\t<div class=\"wpb_single_image wpb_content_element vc_align_center  vc_custom_1741884941421\">\r\n\t\t\r\n\t\t<figure class=\"wpb_wrapper vc_figure\">\r\n\t\t\t<div class=\"vc_single_image-wrapper 0 vc_box_shadow_circle  vc_box_border_grey\"><img decoding=\"async\" class=\"vc_single_image-img\" src=\"https:\/\/sohfest.com\/wp-content\/uploads\/2023\/01\/ramin-sadighi-90x90.jpg\" width=\"90\" height=\"90\" alt=\"Ramin Sadighi \u2013 Panel Discussion at SOHFest 2025 | Show of Hands Festival in Istanbul Founder and Co-Director\" title=\"Ramin Sadighi\" loading=\"lazy\" \/><\/div>\r\n\t\t<\/figure>\r\n\t<\/div>\r\n<\/div><\/div><\/div><div class=\"wpb_column vc_column_container vc_col-sm-8\"><div class=\"vc_column-inner\"><div class=\"wpb_wrapper\">\n\t<div class=\"wpb_text_column wpb_content_element vc_custom_1774363469531 about-text\" >\n\t\t<div class=\"wpb_wrapper\">\n\t\t\t<h2><strong>Ramin Sadighi<\/strong><\/h2>\n<p>Kurucu ve Direkt\u00f6r<br \/>\n<a href=\"mailto:ramin@sohfest.com\">ramin@sohfest.com<\/a><\/p>\n\n\t\t<\/div>\n\t<\/div>\n<\/div><\/div><\/div><\/div><div class=\"vc_empty_space\"   style=\"height: 18px\"><span class=\"vc_empty_space_inner\"><\/span><\/div><div class=\"vc_row wpb_row vc_inner vc_row-fluid\"><div class=\"wpb_column vc_column_container vc_col-sm-4\"><div class=\"vc_column-inner\"><div class=\"wpb_wrapper\"><\/div><\/div><\/div><div class=\"wpb_column vc_column_container vc_col-sm-8\"><div class=\"vc_column-inner\"><div class=\"wpb_wrapper\">\n\t<div class=\"wpb_text_column wpb_content_element vc_custom_1774533450894 about-text\" >\n\t\t<div class=\"wpb_wrapper\">\n\t\t\t<h2><strong>Bijan Pasban Hazrat<\/strong><\/h2>\n<p>Executive Producer<br \/>\n<a href=\"mailto:bijan@sohfest.com\">bijan@sohfest.com<\/a><\/p>\n\n\t\t<\/div>\n\t<\/div>\n<\/div><\/div><\/div><\/div><div class=\"vc_empty_space\"   style=\"height: 40px\"><span class=\"vc_empty_space_inner\"><\/span><\/div><div class=\"vc_empty_space\"   style=\"height: 20px\"><span class=\"vc_empty_space_inner\"><\/span><\/div><\/div><\/div><\/div><div class=\"wpb_column vc_column_container vc_col-sm-7\"><div class=\"vc_column-inner\"><div class=\"wpb_wrapper\"><div class=\"vc_row wpb_row vc_inner vc_row-fluid about vc_custom_1675453689915 vc_row-has-fill vc_row-o-content-middle vc_row-flex\"><div class=\"wpb_column vc_column_container vc_col-sm-12\"><div class=\"vc_column-inner\"><div class=\"wpb_wrapper\"><div class=\"vc_empty_space  empty-remove\"   style=\"height: 30px\"><span class=\"vc_empty_space_inner\"><\/span><\/div>\n\t<div class=\"wpb_text_column wpb_content_element vc_custom_1705664371655 whitetext\" >\n\t\t<div class=\"wpb_wrapper\">\n\t\t\t<p style=\"text-align: justify;\">Show of Hands Festivali, m\u00fczi\u011fin en soyut olgular\u0131ndan biri olan \u2014 anl\u0131k ve do\u011fa\u00e7lama yarat\u0131m \u2014 s\u00fcrecine, geleneksel s\u0131n\u0131flamalardan uzak bir sayg\u0131 duru\u015fudur.\nBu y\u0131ll\u0131k etkinli\u011fin amac\u0131, m\u00fczikseverleri bir araya getirmektir.\nSadece m\u00fczi\u011fin g\u00fczelli\u011fini payla\u015fmak i\u00e7in de\u011fil, ayn\u0131 zamanda bir toplulu\u011fun de\u011ferlerini kutlamak i\u00e7in.<\/p>\n\n\t\t<\/div>\n\t<\/div>\n<div class=\"vc_empty_space  empty-remove\"   style=\"height: 30px\"><span class=\"vc_empty_space_inner\"><\/span><\/div><\/div><\/div><\/div><\/div><div class=\"vc_row wpb_row vc_inner vc_row-fluid\"><div class=\"wpb_column vc_column_container vc_col-sm-6\"><div class=\"vc_column-inner\"><div class=\"wpb_wrapper\"><div class=\"vc_empty_space\"   style=\"height: 53px\"><span class=\"vc_empty_space_inner\"><\/span><\/div>\n\t<div class=\"wpb_text_column wpb_content_element about-text\" >\n\t\t<div class=\"wpb_wrapper\">\n\t\t\t<h2><strong>Grafik Tasar\u0131m\u00a0<\/strong><\/h2>\n<p>Ali Boustan<\/p>\n\n\t\t<\/div>\n\t<\/div>\n<div class=\"vc_empty_space\"   style=\"height: 4px\"><span class=\"vc_empty_space_inner\"><\/span><\/div>\n\t<div class=\"wpb_text_column wpb_content_element about-text\" >\n\t\t<div class=\"wpb_wrapper\">\n\t\t\t<h2><strong>Foto\u011fraf<\/strong><\/h2>\n<p>Armaghan Boustan<\/p>\n\n\t\t<\/div>\n\t<\/div>\n<div class=\"vc_empty_space\"   style=\"height: 3px\"><span class=\"vc_empty_space_inner\"><\/span><\/div>\n\t<div class=\"wpb_text_column wpb_content_element about-text\" >\n\t\t<div class=\"wpb_wrapper\">\n\t\t\t<h2><strong>Web Sitesi Y\u00f6neticisi<\/strong><\/h2>\n<p>Ali Parsa<\/p>\n\n\t\t<\/div>\n\t<\/div>\n<div class=\"vc_empty_space\"   style=\"height: 10px\"><span class=\"vc_empty_space_inner\"><\/span><\/div><\/div><\/div><\/div><div class=\"wpb_column vc_column_container vc_col-sm-6\"><div class=\"vc_column-inner\"><div class=\"wpb_wrapper\"><div class=\"vc_empty_space\"   style=\"height: 50px\"><span class=\"vc_empty_space_inner\"><\/span><\/div>\n\t<div class=\"wpb_text_column wpb_content_element about-text\" >\n\t\t<div class=\"wpb_wrapper\">\n\t\t\t<h2><strong>Arter Etkinlik Koordinat\u00f6r\u00fc<\/strong><\/h2>\n<p>Bahar Turkay<\/p>\n\n\t\t<\/div>\n\t<\/div>\n<div class=\"vc_empty_space\"   style=\"height: 6px\"><span class=\"vc_empty_space_inner\"><\/span><\/div>\n\t<div class=\"wpb_text_column wpb_content_element about-text\" >\n\t\t<div class=\"wpb_wrapper\">\n\t\t\t<h2><strong>Arter Etkinlik Uzman\u0131<\/strong><\/h2>\n<p>Ege Y\u0131lmaz<\/p>\n\n\t\t<\/div>\n\t<\/div>\n<div class=\"vc_empty_space\"   style=\"height: 4px\"><span class=\"vc_empty_space_inner\"><\/span><\/div>\n\t<div class=\"wpb_text_column wpb_content_element about-text\" >\n\t\t<div class=\"wpb_wrapper\">\n\t\t\t<h2><strong>Genel \u0130leti\u015fim<\/strong><\/h2>\n<p><a href=\"mailto:info@sohfest.com\">info@sohfest.com<\/a><\/p>\n\n\t\t<\/div>\n\t<\/div>\n<div class=\"vc_empty_space\"   style=\"height: 10px\"><span class=\"vc_empty_space_inner\"><\/span><\/div><\/div><\/div><\/div><\/div><\/div><\/div><\/div><\/div><div class=\"vc_row-full-width vc_clearfix\"><\/div>\n<\/div>","protected":false},"excerpt":{"rendered":"Ramin Sadighi Founder &amp; Director ramin@sohfest.com Bijan Pasban Hazrat Executive Producer bijan@sohfest.com Show of Hands Festival is a tribute to one of the most abstract phenomena in music \u2013 spontaneous, on the dot creation \u2013 away from conventional classifications. The aim of this annual event is to bring music lovers together. Not just to share the beauty of music but also to celebrate the values of a community. Graphics\u00a0 Ali Boustan Photograph Armaghan Boustan Website Manager Ali Parsa Arter Events [...]","protected":false},"author":1,"featured_media":0,"parent":0,"menu_order":0,"comment_status":"closed","ping_status":"closed","template":"","meta":{"footnotes":""},"class_list":["post-1681","page","type-page","status-publish","hentry"],"_links":{"self":[{"href":"https:\/\/sohfest.com\/tr\/wp-json\/wp\/v2\/pages\/1681","targetHints":{"allow":["GET"]}}],"collection":[{"href":"https:\/\/sohfest.com\/tr\/wp-json\/wp\/v2\/pages"}],"about":[{"href":"https:\/\/sohfest.com\/tr\/wp-json\/wp\/v2\/types\/page"}],"author":[{"embeddable":true,"href":"https:\/\/sohfest.com\/tr\/wp-json\/wp\/v2\/users\/1"}],"replies":[{"embeddable":true,"href":"https:\/\/sohfest.com\/tr\/wp-json\/wp\/v2\/comments?post=1681"}],"version-history":[{"count":174,"href":"https:\/\/sohfest.com\/tr\/wp-json\/wp\/v2\/pages\/1681\/revisions"}],"predecessor-version":[{"id":7015,"href":"https:\/\/sohfest.com\/tr\/wp-json\/wp\/v2\/pages\/1681\/revisions\/7015"}],"wp:attachment":[{"href":"https:\/\/sohfest.com\/tr\/wp-json\/wp\/v2\/media?parent=1681"}],"curies":[{"name":"wp","href":"https:\/\/api.w.org\/{rel}","templated":true}]}}